{"id":98,"date":"2019-01-02T19:10:58","date_gmt":"2019-01-02T19:10:58","guid":{"rendered":"http:\/\/xn--rhner-auszeit-jmb.de\/?page_id=98"},"modified":"2023-03-19T15:54:09","modified_gmt":"2023-03-19T15:54:09","slug":"rhoener-auszeit","status":"publish","type":"page","link":"https:\/\/xn--rhner-auszeit-jmb.de\/","title":{"rendered":"Rh\u00f6ner-Auszeit"},"content":{"rendered":"\n<p>Das <strong>Ferienhaus Rh\u00f6ner-Auszeit<\/strong> befindet sich in dem kleinen \u00d6rtchen Kaltenwestheim. Mitten im Biosph\u00e4renreservat Rh\u00f6n und nur 200m entfernt vom Premium Wanderweg &#8222;Der Hochrh\u00f6ner&#8220;.<\/p>\n\n\n\n<p>Der Region\nwurde im August 2014 von der International Dark Sky Association der\nTitel \u201eSternenpark im Biosph\u00e4renreservat Rh\u00f6n\u201c verliehen. Denn hier\ngibt es noch nahezu nat\u00fcrliche Nachtlandschaften und einen sternenreichen\nHimmel mit Blick auf die Planeten unseres Sonnensystems.<\/p>\n\n\n\n<p>Durch die gute Lage und die N\u00e4he zum L\u00e4nderdreick&nbsp; Hessen, Bayern und Th\u00fcringen ist das Ferienhaus ein perfekter Startpunkt f\u00fcr Wanderungen \/ Radtouren im Mittelgebirge Rh\u00f6n und entlang des Gr\u00fcnen Bandes.<\/p>\n\n\n\n<p>Das fast 100 Jahre alte Haus wurde 2018 komplett saniert. Hierbei sind 2 Ferienwohnungen mit moderner Ausstattung und Design entstanden. Dennoch wurde bei der Sanierung darauf geachtet, dass Landhauselemente aus der Geschichte des Geb\u00e4udes erhalten bleiben. <\/p>\n\n\n\n<p>Der umz\u00e4unte Innenhof bietet Platz f\u00fcr Familien mit Kindern,<strong> <\/strong>eine Rutsche mit Sandkasten, eine Sitzecke und Grill. Die Garage kann von G\u00e4sten als abschlie\u00dfbarer Stellplatz f\u00fcr Fahrr\u00e4der, E-Bikes, Motorr\u00e4der inkl. kleiner Werkstatt genutzt werden. In den Wohnungen steht kostenfreies WLAN zur Verf\u00fcgung. In der <a href=\"http:\/\/xn--rhner-auszeit-jmb.de\/?page_id=143\"><strong>Wohnung Wildkatze<\/strong><\/a> ist ein Kinderbett vorhanden das von Familien mit Kleinkindern genutzt werden kann. F\u00fcr die <a rel=\"noreferrer noopener\" aria-label=\"Wohnung Sternenpark (\u00f6ffnet in neuem Tab)\" href=\"http:\/\/xn--rhner-auszeit-jmb.de\/?page_id=96\" target=\"_blank\"><strong>Wohnung Sternenpark<\/strong><\/a> kann auf Anfrage ein Kinder-Reisebett zur Verf\u00fcgung gestellt werden. <\/p>\n\n\n\n<p>Im Ort befindet sich eine Anbindung an das Regionale-Netz der Buslinie.<\/p>\n\n\n\n<p>In den Nachbarorten gibt es weitere Einkaufsm\u00f6glichkeiten sowie Schwimmbad und Ansprechpartner f\u00fcr Fahrrad und E-Bike Verleih.<br><br><\/p>\n\n\n\n<p class=\"has-text-align-center\"><strong><a href=\"http:\/\/rh\u00f6ner-auszeit.de\/?page_id=629\" target=\"_blank\" rel=\"noreferrer noopener\">Hier geht\u00b4s zur Wohnung Ringeltaube NEU ab 202<\/a><\/strong><a aria-label=\"Hier geht\u00b4s zur Wohnung Wildkatze (\u00f6ffnet in neuem Tab)\" rel=\"noreferrer noopener\" href=\"http:\/\/xn--rhner-auszeit-jmb.de\/?page_id=143\" target=\"_blank\"><strong>1<\/strong><\/a><\/p>\n\n\n\n<p class=\"has-text-align-center has-text-color\" style=\"color:#0d4768\"><a aria-label=\"Hier geht\u00b4s zur Wohnung Wildkatze (\u00f6ffnet in neuem Tab)\" rel=\"noreferrer noopener\" href=\"http:\/\/xn--rhner-auszeit-jmb.de\/?page_id=143\" target=\"_blank\"><strong>Hier geht\u00b4s zur Wohnung Wildkatze<\/strong><\/a><\/p>\n\n\n\n<p class=\"has-text-align-center has-text-color\" style=\"color:#0d4768\"><a aria-label=\"Hier geht\u00b4s zur Wohnung Sternenpark (\u00f6ffnet in neuem Tab)\" href=\"http:\/\/xn--rhner-auszeit-jmb.de\/?page_id=96\" target=\"_blank\" rel=\"noreferrer noopener\"><strong>Hier geht\u00b4s zur Wohnung Sternenpark<\/strong><\/a><\/p>\n\n\n\n<p class=\"has-text-align-center\"><strong>Buchungen \/ Anfragen: info@rhoener-auszeit.de<br><br>Tel.:  0151 \/ 12316651<\/strong><\/p>\n\n\n\n<p>Haltung von Haustieren auf Anfrage. <br>Die Haltung von Haustieren in den Ferienwohnungen ist nicht gestattet. F\u00fcr Hunde ist eine \u00dcbernachtungsm\u00f6glichkeit \/ Zwinger im Nebengeb\u00e4ude vorhanden.  <\/p>\n\n\n\n<center>Ein-Tages\u00fcbernachtungen auf Anfrage m\u00f6glich.<\/center>\n\n\n\n<p class=\"has-text-align-center has-medium-font-size\"><\/p>\n\n\n\n<p><\/p>\n\n\n\n<p>     <\/p>\n\n\n\n<figure class=\"is-layout-flex wp-block-gallery-1 wp-block-gallery aligncenter has-nested-images columns-default is-cropped\">\n<figure class=\"wp-block-image\"><img decoding=\"async\" loading=\"lazy\" width=\"1024\" height=\"768\" data-id=\"167\"  src=\"http:\/\/xn--rhner-auszeit-jmb.de\/wp-content\/uploads\/2019\/01\/rh\u00f6ner_auszeit_Sitzecke-1-1024x768.jpg\" alt=\"\" class=\"wp-image-167\" srcset=\"https:\/\/xn--rhner-auszeit-jmb.de\/wp-content\/uploads\/2019\/01\/rh\u00f6ner_auszeit_Sitzecke-1-1024x768.jpg 1024w, https:\/\/xn--rhner-auszeit-jmb.de\/wp-content\/uploads\/2019\/01\/rh\u00f6ner_auszeit_Sitzecke-1-300x225.jpg 300w, https:\/\/xn--rhner-auszeit-jmb.de\/wp-content\/uploads\/2019\/01\/rh\u00f6ner_auszeit_Sitzecke-1-768x576.jpg 768w\" sizes=\"(max-width: 1024px) 100vw, 1024px\" \/><figcaption class=\"wp-element-caption\">Sitzecke 1 im Hof<\/figcaption><\/figure>\n\n\n\n<figure class=\"wp-block-image\"><img decoding=\"async\" loading=\"lazy\" width=\"1024\" height=\"768\" data-id=\"463\"  src=\"http:\/\/xn--rhner-auszeit-jmb.de\/wp-content\/uploads\/2019\/02\/Aussicht_2-1024x768.jpg\" alt=\"\" class=\"wp-image-463\" srcset=\"https:\/\/xn--rhner-auszeit-jmb.de\/wp-content\/uploads\/2019\/02\/Aussicht_2-1024x768.jpg 1024w, https:\/\/xn--rhner-auszeit-jmb.de\/wp-content\/uploads\/2019\/02\/Aussicht_2-300x225.jpg 300w, https:\/\/xn--rhner-auszeit-jmb.de\/wp-content\/uploads\/2019\/02\/Aussicht_2-768x576.jpg 768w\" sizes=\"(max-width: 1024px) 100vw, 1024px\" \/><\/figure>\n\n\n\n<figure class=\"wp-block-image\"><img decoding=\"async\" loading=\"lazy\" width=\"1024\" height=\"768\" data-id=\"481\"  src=\"http:\/\/xn--rhner-auszeit-jmb.de\/wp-content\/uploads\/2019\/02\/P1020308-1024x768.jpg\" alt=\"\" class=\"wp-image-481\" srcset=\"https:\/\/xn--rhner-auszeit-jmb.de\/wp-content\/uploads\/2019\/02\/P1020308-1024x768.jpg 1024w, https:\/\/xn--rhner-auszeit-jmb.de\/wp-content\/uploads\/2019\/02\/P1020308-300x225.jpg 300w, https:\/\/xn--rhner-auszeit-jmb.de\/wp-content\/uploads\/2019\/02\/P1020308-768x576.jpg 768w\" sizes=\"(max-width: 1024px) 100vw, 1024px\" \/><\/figure>\n\n\n\n<figure class=\"wp-block-image\"><img decoding=\"async\" loading=\"lazy\" width=\"1024\" height=\"768\" data-id=\"482\"  src=\"http:\/\/xn--rhner-auszeit-jmb.de\/wp-content\/uploads\/2019\/02\/Noahs_segel_wandern_2-1-1024x768.jpg\" alt=\"\" class=\"wp-image-482\" srcset=\"https:\/\/xn--rhner-auszeit-jmb.de\/wp-content\/uploads\/2019\/02\/Noahs_segel_wandern_2-1-1024x768.jpg 1024w, https:\/\/xn--rhner-auszeit-jmb.de\/wp-content\/uploads\/2019\/02\/Noahs_segel_wandern_2-1-300x225.jpg 300w, https:\/\/xn--rhner-auszeit-jmb.de\/wp-content\/uploads\/2019\/02\/Noahs_segel_wandern_2-1-768x576.jpg 768w\" sizes=\"(max-width: 1024px) 100vw, 1024px\" \/><\/figure>\n\n\n\n<figure class=\"wp-block-image\"><img decoding=\"async\" loading=\"lazy\" width=\"1024\" height=\"768\" data-id=\"485\"  src=\"http:\/\/xn--rhner-auszeit-jmb.de\/wp-content\/uploads\/2019\/02\/Erlebniswelt_Arche_Eisenbahn_2-1-1024x768.jpg\" alt=\"\" class=\"wp-image-485\" srcset=\"https:\/\/xn--rhner-auszeit-jmb.de\/wp-content\/uploads\/2019\/02\/Erlebniswelt_Arche_Eisenbahn_2-1-1024x768.jpg 1024w, https:\/\/xn--rhner-auszeit-jmb.de\/wp-content\/uploads\/2019\/02\/Erlebniswelt_Arche_Eisenbahn_2-1-300x225.jpg 300w, https:\/\/xn--rhner-auszeit-jmb.de\/wp-content\/uploads\/2019\/02\/Erlebniswelt_Arche_Eisenbahn_2-1-768x576.jpg 768w\" sizes=\"(max-width: 1024px) 100vw, 1024px\" \/><\/figure>\n<\/figure>\n\n\n\n<figure class=\"wp-block-image\"><img decoding=\"async\" loading=\"lazy\" width=\"1024\" height=\"768\" src=\"http:\/\/xn--rhner-auszeit-jmb.de\/wp-content\/uploads\/2019\/02\/rh\u00f6ner_auszeit_haus_mit_logo-5-1024x768.jpg\" alt=\"\" class=\"wp-image-472\" srcset=\"https:\/\/xn--rhner-auszeit-jmb.de\/wp-content\/uploads\/2019\/02\/rh\u00f6ner_auszeit_haus_mit_logo-5-1024x768.jpg 1024w, https:\/\/xn--rhner-auszeit-jmb.de\/wp-content\/uploads\/2019\/02\/rh\u00f6ner_auszeit_haus_mit_logo-5-300x225.jpg 300w, https:\/\/xn--rhner-auszeit-jmb.de\/wp-content\/uploads\/2019\/02\/rh\u00f6ner_auszeit_haus_mit_logo-5-768x576.jpg 768w\" sizes=\"(max-width: 1024px) 100vw, 1024px\" \/><\/figure>\n\n\n\n<figure class=\"is-layout-flex wp-block-gallery-3 wp-block-gallery has-nested-images columns-default is-cropped\">\n<figure class=\"wp-block-image\"><img decoding=\"async\" loading=\"lazy\" width=\"1024\" height=\"768\" data-id=\"457\"  src=\"http:\/\/xn--rhner-auszeit-jmb.de\/wp-content\/uploads\/2019\/02\/Fahrrad_Garage-4-1024x768.jpg\" alt=\"\" class=\"wp-image-457\" srcset=\"https:\/\/xn--rhner-auszeit-jmb.de\/wp-content\/uploads\/2019\/02\/Fahrrad_Garage-4-1024x768.jpg 1024w, https:\/\/xn--rhner-auszeit-jmb.de\/wp-content\/uploads\/2019\/02\/Fahrrad_Garage-4-300x225.jpg 300w, https:\/\/xn--rhner-auszeit-jmb.de\/wp-content\/uploads\/2019\/02\/Fahrrad_Garage-4-768x576.jpg 768w\" sizes=\"(max-width: 1024px) 100vw, 1024px\" \/><figcaption class=\"wp-element-caption\">Garage und Werkstatt f\u00fcr Fahrrad und Motorrad<\/figcaption><\/figure>\n\n\n\n<figure class=\"wp-block-image\"><img decoding=\"async\" loading=\"lazy\" width=\"1024\" height=\"768\" data-id=\"493\"  src=\"http:\/\/xn--rhner-auszeit-jmb.de\/wp-content\/uploads\/2019\/02\/Sitzecke1_rhoener_auszeit-1-1024x768.jpg\" alt=\"\" class=\"wp-image-493\" srcset=\"https:\/\/xn--rhner-auszeit-jmb.de\/wp-content\/uploads\/2019\/02\/Sitzecke1_rhoener_auszeit-1-1024x768.jpg 1024w, https:\/\/xn--rhner-auszeit-jmb.de\/wp-content\/uploads\/2019\/02\/Sitzecke1_rhoener_auszeit-1-300x225.jpg 300w, https:\/\/xn--rhner-auszeit-jmb.de\/wp-content\/uploads\/2019\/02\/Sitzecke1_rhoener_auszeit-1-768x576.jpg 768w\" sizes=\"(max-width: 1024px) 100vw, 1024px\" \/><figcaption class=\"wp-element-caption\">Sitzecke 2 im Hof<\/figcaption><\/figure>\n\n\n\n<figure class=\"wp-block-image\"><img decoding=\"async\" loading=\"lazy\" width=\"1024\" height=\"768\" data-id=\"494\"  src=\"http:\/\/xn--rhner-auszeit-jmb.de\/wp-content\/uploads\/2019\/02\/Sitzecke2_rhoener_auszeit-1-1024x768.jpg\" alt=\"\" class=\"wp-image-494\" srcset=\"https:\/\/xn--rhner-auszeit-jmb.de\/wp-content\/uploads\/2019\/02\/Sitzecke2_rhoener_auszeit-1-1024x768.jpg 1024w, https:\/\/xn--rhner-auszeit-jmb.de\/wp-content\/uploads\/2019\/02\/Sitzecke2_rhoener_auszeit-1-300x225.jpg 300w, https:\/\/xn--rhner-auszeit-jmb.de\/wp-content\/uploads\/2019\/02\/Sitzecke2_rhoener_auszeit-1-768x576.jpg 768w\" sizes=\"(max-width: 1024px) 100vw, 1024px\" \/><figcaption class=\"wp-element-caption\"> Sitzecke 2 im Hof <\/figcaption><\/figure>\n\n\n\n<figure class=\"wp-block-image\"><img decoding=\"async\" loading=\"lazy\" width=\"1024\" height=\"768\" data-id=\"495\"  src=\"http:\/\/xn--rhner-auszeit-jmb.de\/wp-content\/uploads\/2019\/02\/Fahrrad_Garage2-1-1024x768.jpg\" alt=\"\" class=\"wp-image-495\" srcset=\"https:\/\/xn--rhner-auszeit-jmb.de\/wp-content\/uploads\/2019\/02\/Fahrrad_Garage2-1-1024x768.jpg 1024w, https:\/\/xn--rhner-auszeit-jmb.de\/wp-content\/uploads\/2019\/02\/Fahrrad_Garage2-1-300x225.jpg 300w, https:\/\/xn--rhner-auszeit-jmb.de\/wp-content\/uploads\/2019\/02\/Fahrrad_Garage2-1-768x576.jpg 768w\" sizes=\"(max-width: 1024px) 100vw, 1024px\" \/><figcaption class=\"wp-element-caption\"> Garage und Werkstatt f\u00fcr Fahrrad und Motorrad <\/figcaption><\/figure>\n<\/figure>\n\n\n\n<figure class=\"is-layout-flex wp-block-gallery-5 wp-block-gallery has-nested-images columns-default is-cropped\">\n<figure class=\"wp-block-image\"><img decoding=\"async\" loading=\"lazy\" width=\"1024\" height=\"768\" data-id=\"552\"  src=\"http:\/\/xn--rhner-auszeit-jmb.de\/wp-content\/uploads\/2019\/04\/Grill_rhoener_auszeit-1-1024x768.jpg\" alt=\"\" class=\"wp-image-552\" srcset=\"https:\/\/xn--rhner-auszeit-jmb.de\/wp-content\/uploads\/2019\/04\/Grill_rhoener_auszeit-1-1024x768.jpg 1024w, https:\/\/xn--rhner-auszeit-jmb.de\/wp-content\/uploads\/2019\/04\/Grill_rhoener_auszeit-1-300x225.jpg 300w, https:\/\/xn--rhner-auszeit-jmb.de\/wp-content\/uploads\/2019\/04\/Grill_rhoener_auszeit-1-768x576.jpg 768w\" sizes=\"(max-width: 1024px) 100vw, 1024px\" \/><figcaption class=\"wp-element-caption\">Grillplatz<\/figcaption><\/figure>\n\n\n\n<figure class=\"wp-block-image\"><img decoding=\"async\" loading=\"lazy\" width=\"1024\" height=\"768\" data-id=\"553\"  src=\"http:\/\/xn--rhner-auszeit-jmb.de\/wp-content\/uploads\/2019\/04\/Sandkasten_rhoener_auszeit-1-1024x768.jpg\" alt=\"\" class=\"wp-image-553\" srcset=\"https:\/\/xn--rhner-auszeit-jmb.de\/wp-content\/uploads\/2019\/04\/Sandkasten_rhoener_auszeit-1-1024x768.jpg 1024w, https:\/\/xn--rhner-auszeit-jmb.de\/wp-content\/uploads\/2019\/04\/Sandkasten_rhoener_auszeit-1-300x225.jpg 300w, https:\/\/xn--rhner-auszeit-jmb.de\/wp-content\/uploads\/2019\/04\/Sandkasten_rhoener_auszeit-1-768x576.jpg 768w\" sizes=\"(max-width: 1024px) 100vw, 1024px\" \/><figcaption class=\"wp-element-caption\">Sandkasten \/ Spielbereich<\/figcaption><\/figure>\n<\/figure>\n\n\n\n<figure class=\"is-layout-flex wp-block-gallery-7 wp-block-gallery has-nested-images columns-default is-cropped\">\n<figure class=\"wp-block-image\"><img decoding=\"async\" loading=\"lazy\" width=\"768\" height=\"1024\" data-id=\"554\"  src=\"http:\/\/xn--rhner-auszeit-jmb.de\/wp-content\/uploads\/2019\/04\/Zwinger_Rh\u00f6ner_Auszeit_1-2-768x1024.jpg\" alt=\"\" class=\"wp-image-554\" srcset=\"https:\/\/xn--rhner-auszeit-jmb.de\/wp-content\/uploads\/2019\/04\/Zwinger_Rh\u00f6ner_Auszeit_1-2-768x1024.jpg 768w, https:\/\/xn--rhner-auszeit-jmb.de\/wp-content\/uploads\/2019\/04\/Zwinger_Rh\u00f6ner_Auszeit_1-2-225x300.jpg 225w, https:\/\/xn--rhner-auszeit-jmb.de\/wp-content\/uploads\/2019\/04\/Zwinger_Rh\u00f6ner_Auszeit_1-2.jpg 1200w\" sizes=\"(max-width: 768px) 100vw, 768px\" \/><figcaption class=\"wp-element-caption\">Hundezwinger<\/figcaption><\/figure>\n\n\n\n<figure class=\"wp-block-image\"><img decoding=\"async\" loading=\"lazy\" width=\"768\" height=\"1024\" data-id=\"555\"  src=\"http:\/\/xn--rhner-auszeit-jmb.de\/wp-content\/uploads\/2019\/04\/Zwinger_Rh\u00f6ner_Auszeit_2-2-768x1024.jpg\" alt=\"\" class=\"wp-image-555\" srcset=\"https:\/\/xn--rhner-auszeit-jmb.de\/wp-content\/uploads\/2019\/04\/Zwinger_Rh\u00f6ner_Auszeit_2-2-768x1024.jpg 768w, https:\/\/xn--rhner-auszeit-jmb.de\/wp-content\/uploads\/2019\/04\/Zwinger_Rh\u00f6ner_Auszeit_2-2-225x300.jpg 225w, https:\/\/xn--rhner-auszeit-jmb.de\/wp-content\/uploads\/2019\/04\/Zwinger_Rh\u00f6ner_Auszeit_2-2.jpg 1200w\" sizes=\"(max-width: 768px) 100vw, 768px\" \/><figcaption class=\"wp-element-caption\">Hundezwinger<\/figcaption><\/figure>\n\n\n\n<figure class=\"wp-block-image\"><img decoding=\"async\" loading=\"lazy\" width=\"768\" height=\"1024\" data-id=\"556\"  src=\"http:\/\/xn--rhner-auszeit-jmb.de\/wp-content\/uploads\/2019\/04\/Zwinger_Rh\u00f6ner_Auszeit_3-2-768x1024.jpg\" alt=\"\" class=\"wp-image-556\" srcset=\"https:\/\/xn--rhner-auszeit-jmb.de\/wp-content\/uploads\/2019\/04\/Zwinger_Rh\u00f6ner_Auszeit_3-2-768x1024.jpg 768w, https:\/\/xn--rhner-auszeit-jmb.de\/wp-content\/uploads\/2019\/04\/Zwinger_Rh\u00f6ner_Auszeit_3-2-225x300.jpg 225w, https:\/\/xn--rhner-auszeit-jmb.de\/wp-content\/uploads\/2019\/04\/Zwinger_Rh\u00f6ner_Auszeit_3-2.jpg 1200w\" sizes=\"(max-width: 768px) 100vw, 768px\" \/><figcaption class=\"wp-element-caption\">Auslauf f\u00fcr Hunde<\/figcaption><\/figure>\n<\/figure>\n\n\n\n<figure class=\"is-layout-flex wp-block-gallery-9 wp-block-gallery has-nested-images columns-default is-cropped\">\n<figure class=\"wp-block-image\"><img decoding=\"async\" loading=\"lazy\" width=\"768\" height=\"1024\" data-id=\"408\"  src=\"http:\/\/xn--rhner-auszeit-jmb.de\/wp-content\/uploads\/2019\/02\/baf_kartoffel_k\u00fcrbis_r\u00f6sti-768x1024.jpg\" alt=\"\" class=\"wp-image-408\" srcset=\"https:\/\/xn--rhner-auszeit-jmb.de\/wp-content\/uploads\/2019\/02\/baf_kartoffel_k\u00fcrbis_r\u00f6sti-768x1024.jpg 768w, https:\/\/xn--rhner-auszeit-jmb.de\/wp-content\/uploads\/2019\/02\/baf_kartoffel_k\u00fcrbis_r\u00f6sti-225x300.jpg 225w, https:\/\/xn--rhner-auszeit-jmb.de\/wp-content\/uploads\/2019\/02\/baf_kartoffel_k\u00fcrbis_r\u00f6sti.jpg 1200w\" sizes=\"(max-width: 768px) 100vw, 768px\" \/><\/figure>\n\n\n\n<figure class=\"wp-block-image\"><img decoding=\"async\" loading=\"lazy\" width=\"768\" height=\"1024\" data-id=\"409\"  src=\"http:\/\/xn--rhner-auszeit-jmb.de\/wp-content\/uploads\/2019\/02\/baf_kartoffel_k\u00fcrbis_r\u00f6sti_lachs-768x1024.jpg\" alt=\"\" class=\"wp-image-409\" srcset=\"https:\/\/xn--rhner-auszeit-jmb.de\/wp-content\/uploads\/2019\/02\/baf_kartoffel_k\u00fcrbis_r\u00f6sti_lachs-768x1024.jpg 768w, https:\/\/xn--rhner-auszeit-jmb.de\/wp-content\/uploads\/2019\/02\/baf_kartoffel_k\u00fcrbis_r\u00f6sti_lachs-225x300.jpg 225w, https:\/\/xn--rhner-auszeit-jmb.de\/wp-content\/uploads\/2019\/02\/baf_kartoffel_k\u00fcrbis_r\u00f6sti_lachs.jpg 1200w\" sizes=\"(max-width: 768px) 100vw, 768px\" \/><\/figure>\n\n\n\n<figure class=\"wp-block-image\"><img decoding=\"async\" loading=\"lazy\" width=\"1024\" height=\"768\" data-id=\"410\"  src=\"http:\/\/xn--rhner-auszeit-jmb.de\/wp-content\/uploads\/2019\/02\/Baf_k\u00fcche-1024x768.jpg\" alt=\"\" class=\"wp-image-410\" srcset=\"https:\/\/xn--rhner-auszeit-jmb.de\/wp-content\/uploads\/2019\/02\/Baf_k\u00fcche-1024x768.jpg 1024w, https:\/\/xn--rhner-auszeit-jmb.de\/wp-content\/uploads\/2019\/02\/Baf_k\u00fcche-300x225.jpg 300w, https:\/\/xn--rhner-auszeit-jmb.de\/wp-content\/uploads\/2019\/02\/Baf_k\u00fcche-768x576.jpg 768w\" sizes=\"(max-width: 1024px) 100vw, 1024px\" \/><\/figure>\n\n\n\n<figure class=\"wp-block-image\"><img decoding=\"async\" loading=\"lazy\" width=\"1024\" height=\"768\" data-id=\"411\"  src=\"http:\/\/xn--rhner-auszeit-jmb.de\/wp-content\/uploads\/2019\/02\/Baf_t\u00f6pfe-1-1024x768.jpg\" alt=\"\" class=\"wp-image-411\" srcset=\"https:\/\/xn--rhner-auszeit-jmb.de\/wp-content\/uploads\/2019\/02\/Baf_t\u00f6pfe-1-1024x768.jpg 1024w, https:\/\/xn--rhner-auszeit-jmb.de\/wp-content\/uploads\/2019\/02\/Baf_t\u00f6pfe-1-300x225.jpg 300w, https:\/\/xn--rhner-auszeit-jmb.de\/wp-content\/uploads\/2019\/02\/Baf_t\u00f6pfe-1-768x576.jpg 768w\" sizes=\"(max-width: 1024px) 100vw, 1024px\" \/><figcaption class=\"wp-element-caption\">Unsere K\u00fcchen wurden mit T\u00f6pfen und Pfannen der Firma  <br><strong>BAF \u2013 Industrie- und Oberfl\u00e4chentechnik GmbH<\/strong> ausgestattet.<\/figcaption><\/figure>\n<\/figure>\n\n\n\n<p><strong>Ausstattung<\/strong><br> familienfreundlich<br> Parkplatz<br> Nichtraucherhaus<br> Grillm\u00f6glichkeit<br> radfreundlich<br> f\u00fcr Monteure geeignet<br> umz\u00e4untes Grundst\u00fcck<br> wanderfreundlich<br> Stellplatz und Werkstatt f\u00fcr Fahrr\u00e4der, E-Bikes, Motorr\u00e4der <br> <br> <strong>Freizeit<\/strong><br> Fahrradverleih<br> Sport &amp; Spiel<br> Familie\/Kinder<br> Rad fahren<br> Senioren<br> Motorrad<br> Wandern\/Walking<br> Landurlaub<\/p>\n","protected":false},"excerpt":{"rendered":"<p>Das Ferienhaus Rh\u00f6ner-Auszeit befindet sich in dem kleinen \u00d6rtchen Kaltenwestheim. Mitten im Biosph\u00e4renreservat Rh\u00f6n und nur 200m entfernt vom Premium Wanderweg &#8222;Der Hochrh\u00f6ner&#8220;. Der Region wurde im August 2014 von der International Dark Sky Association der Titel \u201eSternenpark im Biosph\u00e4renreservat<\/p>\n","protected":false},"author":1,"featured_media":13,"parent":0,"menu_order":0,"comment_status":"closed","ping_status":"closed","template":"","meta":{"ngg_post_thumbnail":0},"_links":{"self":[{"href":"https:\/\/xn--rhner-auszeit-jmb.de\/index.php?rest_route=\/wp\/v2\/pages\/98"}],"collection":[{"href":"https:\/\/xn--rhner-auszeit-jmb.de\/index.php?rest_route=\/wp\/v2\/pages"}],"about":[{"href":"https:\/\/xn--rhner-auszeit-jmb.de\/index.php?rest_route=\/wp\/v2\/types\/page"}],"author":[{"embeddable":true,"href":"https:\/\/xn--rhner-auszeit-jmb.de\/index.php?rest_route=\/wp\/v2\/users\/1"}],"replies":[{"embeddable":true,"href":"https:\/\/xn--rhner-auszeit-jmb.de\/index.php?rest_route=%2Fwp%2Fv2%2Fcomments&post=98"}],"version-history":[{"count":46,"href":"https:\/\/xn--rhner-auszeit-jmb.de\/index.php?rest_route=\/wp\/v2\/pages\/98\/revisions"}],"predecessor-version":[{"id":660,"href":"https:\/\/xn--rhner-auszeit-jmb.de\/index.php?rest_route=\/wp\/v2\/pages\/98\/revisions\/660"}],"wp:featuredmedia":[{"embeddable":true,"href":"https:\/\/xn--rhner-auszeit-jmb.de\/index.php?rest_route=\/wp\/v2\/media\/13"}],"wp:attachment":[{"href":"https:\/\/xn--rhner-auszeit-jmb.de\/index.php?rest_route=%2Fwp%2Fv2%2Fmedia&parent=98"}],"curies":[{"name":"wp","href":"https:\/\/api.w.org\/{rel}","templated":true}]}}