{"id":595,"date":"2021-03-20T10:08:29","date_gmt":"2021-03-20T10:08:29","guid":{"rendered":"http:\/\/xn--rhner-auszeit-jmb.de\/?page_id=595"},"modified":"2026-01-04T19:12:54","modified_gmt":"2026-01-04T19:12:54","slug":"grafik-design-schmidt","status":"publish","type":"page","link":"https:\/\/xn--rhner-auszeit-jmb.de\/?page_id=595","title":{"rendered":"Grafik-Design Schmidt"},"content":{"rendered":"<div class=\"wp-block-image\">\n<figure class=\"aligncenter is-resized\"><img decoding=\"async\" loading=\"lazy\" src=\"http:\/\/xn--rhner-auszeit-jmb.de\/wp-content\/uploads\/2021\/03\/Logo_Grafikdesign_2-1024x555.png\" alt=\"\" class=\"wp-image-596\" width=\"418\" height=\"226\" srcset=\"https:\/\/xn--rhner-auszeit-jmb.de\/wp-content\/uploads\/2021\/03\/Logo_Grafikdesign_2-1024x555.png 1024w, https:\/\/xn--rhner-auszeit-jmb.de\/wp-content\/uploads\/2021\/03\/Logo_Grafikdesign_2-300x162.png 300w, https:\/\/xn--rhner-auszeit-jmb.de\/wp-content\/uploads\/2021\/03\/Logo_Grafikdesign_2-768x416.png 768w\" sizes=\"(max-width: 418px) 100vw, 418px\" \/><\/figure><\/div>\n\n\n<p class=\"has-text-align-center\">Wir erstellen Infotafeln, Flyer, Logo\u00b4s, Werbematerial uvm.<\/p>\n\n\n\n<figure class=\"wp-block-image\"><img decoding=\"async\" loading=\"lazy\" width=\"1024\" height=\"390\" src=\"http:\/\/xn--rhner-auszeit-jmb.de\/wp-content\/uploads\/2021\/03\/Logo_Facebook-1024x390.jpg\" alt=\"\" class=\"wp-image-597\" srcset=\"https:\/\/xn--rhner-auszeit-jmb.de\/wp-content\/uploads\/2021\/03\/Logo_Facebook-1024x390.jpg 1024w, https:\/\/xn--rhner-auszeit-jmb.de\/wp-content\/uploads\/2021\/03\/Logo_Facebook-300x114.jpg 300w, https:\/\/xn--rhner-auszeit-jmb.de\/wp-content\/uploads\/2021\/03\/Logo_Facebook-768x292.jpg 768w\" sizes=\"(max-width: 1024px) 100vw, 1024px\" \/><\/figure>\n\n\n\n<p class=\"has-text-align-center\">Anfragen unter:<\/p>\n\n\n\n<p class=\"has-text-align-center\">info@rhoener-auszeit.de<br> Tel.: 015112316651<br> Mathias Schmidt <br>Am Schlagtor 20<br> 36452 Kaltennordheim<br><br><\/p>\n\n\n\n<figure class=\"wp-block-image\"><img decoding=\"async\" loading=\"lazy\" width=\"1024\" height=\"768\" src=\"http:\/\/xn--rhner-auszeit-jmb.de\/wp-content\/uploads\/2021\/03\/IMG_20190726_125024-1024x768.jpg\" alt=\"\" class=\"wp-image-598\" srcset=\"https:\/\/xn--rhner-auszeit-jmb.de\/wp-content\/uploads\/2021\/03\/IMG_20190726_125024-1024x768.jpg 1024w, https:\/\/xn--rhner-auszeit-jmb.de\/wp-content\/uploads\/2021\/03\/IMG_20190726_125024-300x225.jpg 300w, https:\/\/xn--rhner-auszeit-jmb.de\/wp-content\/uploads\/2021\/03\/IMG_20190726_125024-768x576.jpg 768w\" sizes=\"(max-width: 1024px) 100vw, 1024px\" \/><figcaption class=\"wp-element-caption\"> <br>Projekte Grafik-Design-Schmidt <br>Geschichte &#8220; Der Ellenbogen&#8220;<br>6mm starke Aluminiumverbundplatte wei\u00df &#8211; hochwertiger Plattendirektdruck &#8211; mit UV-LACK MATT veredelt &#8211; montiert auf Edelstahl-Tafeltr\u00e4gern.<br><br><\/figcaption><\/figure>\n\n\n\n<figure class=\"wp-block-image\"><img decoding=\"async\" loading=\"lazy\" width=\"1024\" height=\"858\" src=\"http:\/\/xn--rhner-auszeit-jmb.de\/wp-content\/uploads\/2021\/03\/Covid-Button-2021-1024x858.jpg\" alt=\"\" class=\"wp-image-606\" srcset=\"https:\/\/xn--rhner-auszeit-jmb.de\/wp-content\/uploads\/2021\/03\/Covid-Button-2021-1024x858.jpg 1024w, https:\/\/xn--rhner-auszeit-jmb.de\/wp-content\/uploads\/2021\/03\/Covid-Button-2021-300x251.jpg 300w, https:\/\/xn--rhner-auszeit-jmb.de\/wp-content\/uploads\/2021\/03\/Covid-Button-2021-768x644.jpg 768w, https:\/\/xn--rhner-auszeit-jmb.de\/wp-content\/uploads\/2021\/03\/Covid-Button-2021.jpg 1428w\" sizes=\"(max-width: 1024px) 100vw, 1024px\" \/><figcaption class=\"wp-element-caption\">Covid 19 geimpft Button<br>erh\u00e4ltlich bei <a href=\"https:\/\/l.facebook.com\/l.php?u=https%3A%2F%2Fwww.amazon.de%2Fdp%2FB08VX2DFN1%2Fref%3Dcm_sw_em_r_mt_dp_HSVRYAX5GPS6VMA714EB%3Ffbclid%3DIwAR0PPbvvqo7v-QaaYC-qQDOhEQu9LwRXPFk8354t6LOj2OwhSCdq_zcB1Gs&amp;h=AT2vFbi39gX4lVCoeDHACoOTwJtZjBMlyA2_8ih8QBdeqHOuDpmEpKiO3LGT2YwNbij4Tee6PU5TC_EPilIhRYdoP1IBzpGRtLjVBHFkvvSj5yxQEhGvxyG0OM8iFLbd1C-b0_YlBLs3LirgnK9A&amp;__tn__=-UK-R&amp;c[0]=AT0AX4l4ayKFD43oujDulrOJbSO-W5lT8b0Cz5GZxPf8DxeyVbTeg_VXSpW2-Y4U2VvRXi9aDSwHcBgn_26ly7ALpefiTQE5C6jNTM5lksl3MYLNy4kb-gfA1_-wadLgThVDQkesPPZYyt9cjENFpntJHk9VtztZAYSmk3-xrjxXNHhJs5zKXB_6YQnL46CkOuF0\"><strong>Amazon<\/strong><\/a><br><\/figcaption><\/figure>\n\n\n\n<figure class=\"wp-block-image\"><img decoding=\"async\" loading=\"lazy\" width=\"768\" height=\"1024\" src=\"http:\/\/xn--rhner-auszeit-jmb.de\/wp-content\/uploads\/2021\/03\/IMG_20190801_133229-768x1024.jpg\" alt=\"\" class=\"wp-image-599\" srcset=\"https:\/\/xn--rhner-auszeit-jmb.de\/wp-content\/uploads\/2021\/03\/IMG_20190801_133229-768x1024.jpg 768w, https:\/\/xn--rhner-auszeit-jmb.de\/wp-content\/uploads\/2021\/03\/IMG_20190801_133229-225x300.jpg 225w\" sizes=\"(max-width: 768px) 100vw, 768px\" \/><figcaption class=\"wp-element-caption\"> <br>Projekte Grafik-Design-Schmidt <br>Geschichte &#8220; Birx &#8211; Hohe Rh\u00f6n&#8220;<br>6mm starke Aluminiumverbundplatte wei\u00df &#8211; hochwertiger Plattendirektdruck &#8211; mit UV-LACK MATT veredelt &#8211; montiert auf Holz-Tafeltr\u00e4ger. <br><br><\/figcaption><\/figure>\n\n\n\n<figure class=\"wp-block-image\"><img decoding=\"async\" loading=\"lazy\" width=\"768\" height=\"1024\" src=\"http:\/\/xn--rhner-auszeit-jmb.de\/wp-content\/uploads\/2021\/03\/IMG_20191214_151330-768x1024.jpg\" alt=\"\" class=\"wp-image-600\" srcset=\"https:\/\/xn--rhner-auszeit-jmb.de\/wp-content\/uploads\/2021\/03\/IMG_20191214_151330-768x1024.jpg 768w, https:\/\/xn--rhner-auszeit-jmb.de\/wp-content\/uploads\/2021\/03\/IMG_20191214_151330-225x300.jpg 225w\" sizes=\"(max-width: 768px) 100vw, 768px\" \/><figcaption class=\"wp-element-caption\"> <br>Projekte Grafik-Design-Schmidt <br>Infotafel &#8220; <a href=\"https:\/\/www.facebook.com\/sternenpark.rhoen\/?__cft__[0]=AZXyDX9IwepjXkzyqba_QHLgeujc1OBnoYiLo2jvxfK3pzDZS0ZP12VTIV9oee32dWJowUGrMBm_nIz8LeTYxxUHNumtw4Znksi3bKYgWLMl5xecILaosWluDLL3KdsF566ao7YSvdc4vXW-WSOM9f1E_wsQfq_jl4H9mFolPFTO9g&amp;__tn__=kK-R\">Sternenpark Rh\u00f6n<\/a> Lichtverschmutzung&#8220;<br>6mm starke Aluminiumverbundplatte wei\u00df &#8211; hochwertiger Plattendirektdruck &#8211; mit UV-LACK MATT veredelt &#8211;<br>Inkl. 230V Verkabelung zum Vergleich der Beleuchtungsarten. <br><br><\/figcaption><\/figure>\n\n\n\n<figure class=\"wp-block-image\"><img decoding=\"async\" loading=\"lazy\" width=\"1024\" height=\"768\" src=\"http:\/\/xn--rhner-auszeit-jmb.de\/wp-content\/uploads\/2021\/03\/IMG_20200307_155925-1024x768.jpg\" alt=\"\" class=\"wp-image-601\" srcset=\"https:\/\/xn--rhner-auszeit-jmb.de\/wp-content\/uploads\/2021\/03\/IMG_20200307_155925-1024x768.jpg 1024w, https:\/\/xn--rhner-auszeit-jmb.de\/wp-content\/uploads\/2021\/03\/IMG_20200307_155925-300x225.jpg 300w, https:\/\/xn--rhner-auszeit-jmb.de\/wp-content\/uploads\/2021\/03\/IMG_20200307_155925-768x576.jpg 768w\" sizes=\"(max-width: 1024px) 100vw, 1024px\" \/><figcaption class=\"wp-element-caption\"> <br>Projekte Grafik-Design-Schmidt <br>Infotafel Entdeckerpfad Hohe Rh\u00f6n  &#8220; Die Biene &#8222;<br>3mm starke Aluminiumverbundplatte wei\u00df &#8211; hochwertiger Plattendirektdruck &#8211; mit UV-LACK MATT veredelt &#8211; montiert auf Robinienholz-Tafeltr\u00e4ger. <br><br><\/figcaption><\/figure>\n\n\n\n<figure class=\"wp-block-image\"><img decoding=\"async\" loading=\"lazy\" width=\"1024\" height=\"768\" src=\"http:\/\/xn--rhner-auszeit-jmb.de\/wp-content\/uploads\/2021\/03\/IMG_20190607_185320-1024x768.jpg\" alt=\"\" class=\"wp-image-602\" srcset=\"https:\/\/xn--rhner-auszeit-jmb.de\/wp-content\/uploads\/2021\/03\/IMG_20190607_185320-1024x768.jpg 1024w, https:\/\/xn--rhner-auszeit-jmb.de\/wp-content\/uploads\/2021\/03\/IMG_20190607_185320-300x225.jpg 300w, https:\/\/xn--rhner-auszeit-jmb.de\/wp-content\/uploads\/2021\/03\/IMG_20190607_185320-768x576.jpg 768w\" sizes=\"(max-width: 1024px) 100vw, 1024px\" \/><figcaption class=\"wp-element-caption\"> <br>Projekte Grafik-Design-Schmidt <br>Werbebanner und Logo &#8220; Rh\u00f6n Dogs &#8222;<br>Hochwertige PVC-Frontlit-Plane, oben und unten ver\u00f6st<br>900g Frontlit-Plane &#8211; absolut rei\u00dffest, blickdicht und wetterfest <br><br><\/figcaption><\/figure>\n\n\n\n<figure class=\"wp-block-image\"><img decoding=\"async\" loading=\"lazy\" width=\"1024\" height=\"407\" src=\"http:\/\/xn--rhner-auszeit-jmb.de\/wp-content\/uploads\/2021\/03\/Honig_Sommertal_Hexe-1024x407.jpg\" alt=\"\" class=\"wp-image-604\" srcset=\"https:\/\/xn--rhner-auszeit-jmb.de\/wp-content\/uploads\/2021\/03\/Honig_Sommertal_Hexe-1024x407.jpg 1024w, https:\/\/xn--rhner-auszeit-jmb.de\/wp-content\/uploads\/2021\/03\/Honig_Sommertal_Hexe-300x119.jpg 300w, https:\/\/xn--rhner-auszeit-jmb.de\/wp-content\/uploads\/2021\/03\/Honig_Sommertal_Hexe-768x305.jpg 768w, https:\/\/xn--rhner-auszeit-jmb.de\/wp-content\/uploads\/2021\/03\/Honig_Sommertal_Hexe.jpg 1103w\" sizes=\"(max-width: 1024px) 100vw, 1024px\" \/><figcaption class=\"wp-element-caption\"> <br>Projekte Grafik-Design-Schmidt <br>Honig Etiketten &#8220; Sommertal &#8222;<br>Flaschenetiketten auf Rolle<br>100\u00b5 Haftpapier perlmuttartig, leicht gepr\u00e4gt, nassfest (HERMApearly sun, FSC\u00ae Mix Credit), permanent klebend <br><br><\/figcaption><\/figure>\n\n\n\n<figure class=\"wp-block-image\"><img decoding=\"async\" loading=\"lazy\" width=\"1024\" height=\"768\" src=\"http:\/\/xn--rhner-auszeit-jmb.de\/wp-content\/uploads\/2021\/03\/Sonnenteleskop-1024x768.jpg\" alt=\"\" class=\"wp-image-605\" srcset=\"https:\/\/xn--rhner-auszeit-jmb.de\/wp-content\/uploads\/2021\/03\/Sonnenteleskop-1024x768.jpg 1024w, https:\/\/xn--rhner-auszeit-jmb.de\/wp-content\/uploads\/2021\/03\/Sonnenteleskop-300x225.jpg 300w, https:\/\/xn--rhner-auszeit-jmb.de\/wp-content\/uploads\/2021\/03\/Sonnenteleskop-768x576.jpg 768w\" sizes=\"(max-width: 1024px) 100vw, 1024px\" \/><figcaption class=\"wp-element-caption\"> <br>Projekte Grafik-Design-Schmidt <br>Sternenpark &#8220; Sonnentafel &#8222;<br>6mm starke Aluminiumverbundplatte wei\u00df &#8211; hochwertiger Plattendirektdruck &#8211; mit UV-LACK MATT veredelt &#8211; bedruckte Sonnenhalbkugel aus GFK &#8211; montiert auf Holz-Tafeltr\u00e4ger<br>Inkl. Verkabelung Mp3 Player- Sound der Sonne <\/figcaption><\/figure>\n","protected":false},"excerpt":{"rendered":"<p>Wir erstellen Infotafeln, Flyer, Logo\u00b4s, Werbematerial uvm. Anfragen unter: info@rhoener-auszeit.de Tel.: 015112316651 Mathias Schmidt Am Schlagtor 20 36452 Kaltennordheim<\/p>\n","protected":false},"author":1,"featured_media":0,"parent":0,"menu_order":0,"comment_status":"closed","ping_status":"closed","template":"","meta":{"ngg_post_thumbnail":0},"_links":{"self":[{"href":"https:\/\/xn--rhner-auszeit-jmb.de\/index.php?rest_route=\/wp\/v2\/pages\/595"}],"collection":[{"href":"https:\/\/xn--rhner-auszeit-jmb.de\/index.php?rest_route=\/wp\/v2\/pages"}],"about":[{"href":"https:\/\/xn--rhner-auszeit-jmb.de\/index.php?rest_route=\/wp\/v2\/types\/page"}],"author":[{"embeddable":true,"href":"https:\/\/xn--rhner-auszeit-jmb.de\/index.php?rest_route=\/wp\/v2\/users\/1"}],"replies":[{"embeddable":true,"href":"https:\/\/xn--rhner-auszeit-jmb.de\/index.php?rest_route=%2Fwp%2Fv2%2Fcomments&post=595"}],"version-history":[{"count":2,"href":"https:\/\/xn--rhner-auszeit-jmb.de\/index.php?rest_route=\/wp\/v2\/pages\/595\/revisions"}],"predecessor-version":[{"id":682,"href":"https:\/\/xn--rhner-auszeit-jmb.de\/index.php?rest_route=\/wp\/v2\/pages\/595\/revisions\/682"}],"wp:attachment":[{"href":"https:\/\/xn--rhner-auszeit-jmb.de\/index.php?rest_route=%2Fwp%2Fv2%2Fmedia&parent=595"}],"curies":[{"name":"wp","href":"https:\/\/api.w.org\/{rel}","templated":true}]}}