{"id":517,"date":"2019-03-15T17:07:03","date_gmt":"2019-03-15T17:07:03","guid":{"rendered":"http:\/\/xn--rhner-auszeit-jmb.de\/?page_id=517"},"modified":"2019-03-15T17:16:45","modified_gmt":"2019-03-15T17:16:45","slug":"anreise-mit-bus-und-bahn","status":"publish","type":"page","link":"https:\/\/xn--rhner-auszeit-jmb.de\/?page_id=517","title":{"rendered":"Anreise mit Bus und Bahn"},"content":{"rendered":"\n<p style=\"text-align:center\">F\u00fcr G\u00e4ste die mit Bus und Bahn reisen gibt es folgende\nAnreisem\u00f6glichkeiten.<\/p>\n\n\n\n<p style=\"text-align:center\">Anreise \u00fcber Bahnhof Fulda, Bahnhof Bad Salzungen, Bahnhof Meiningen.<\/p>\n\n\n\n<p style=\"text-align:center\">Informationen zu Bahnverbindungen bekommen Sie auf der Internetseite der <strong>Deutschen Bahn<\/strong>.<\/p><br><br>\n\n\n\n<p><\/p>\n\n\n\n<p><strong>Anreise \u00fcber Bahnhof &#8211; 36037 Fulda<\/strong><\/p>\n\n\n\n<ul><li>Busverbindung ab ZOB Fulda nach 36142 Tann\/Rh\u00f6n.<\/li><\/ul>\n\n\n\n<p>Informationen zu Busverbindungen ab ZOB Fulda unter <a rel=\"noreferrer noopener\" aria-label=\"www.rmv.de (\u00f6ffnet in neuem Tab)\" href=\"http:\/\/www.rmv.de\" target=\"_blank\"><strong>www.rmv.de<\/strong><\/a><\/p>\n\n\n\n<ul><li>Ab Tann\/Rh\u00f6n kann ein Taxitransfer inkl. Gep\u00e4ck und Fahrrad beim Taxiunternehmen B\u00f6hme gebucht werden (gegen Entgeld).<\/li><\/ul>\n\n\n\n<div class=\"wp-block-image\"><figure class=\"aligncenter is-resized\"><img decoding=\"async\" loading=\"lazy\" src=\"http:\/\/xn--rhner-auszeit-jmb.de\/wp-content\/uploads\/2019\/01\/L_Taxi_Boehme_RGB-1024x375.jpg\" alt=\"\" class=\"wp-image-233\" width=\"312\" height=\"114\" srcset=\"https:\/\/xn--rhner-auszeit-jmb.de\/wp-content\/uploads\/2019\/01\/L_Taxi_Boehme_RGB-1024x375.jpg 1024w, https:\/\/xn--rhner-auszeit-jmb.de\/wp-content\/uploads\/2019\/01\/L_Taxi_Boehme_RGB-300x110.jpg 300w, https:\/\/xn--rhner-auszeit-jmb.de\/wp-content\/uploads\/2019\/01\/L_Taxi_Boehme_RGB-768x282.jpg 768w, https:\/\/xn--rhner-auszeit-jmb.de\/wp-content\/uploads\/2019\/01\/L_Taxi_Boehme_RGB.jpg 1200w\" sizes=\"(max-width: 312px) 100vw, 312px\" \/><\/figure><\/div>\n\n\n\n<p style=\"text-align:center\">Taxiunternehmen B\u00f6hme<\/p>\n\n\n\n<p style=\"text-align:center\">Telefon: 036946 20185<br> Mobil: 0171 3604325<\/p><br><br>\n\n\n\n<p><\/p>\n\n\n\n<p><strong>Anreise \u00fcber Bahnhof &#8211; 36433 Bad Salzungen<\/strong><\/p>\n\n\n\n<ul><li>Busverbindung 109 ab Busbahnhof Bad Salzungen\nnach 36452 Kaltennordheim.<\/li><\/ul>\n\n\n\n<p>Informationen zur Buslinie 109 ab Bad Salzungen unter <a rel=\"noreferrer noopener\" aria-label=\"PDF-Buslinie 109 (\u00f6ffnet in neuem Tab)\" href=\"https:\/\/vgwak.de\/images\/fplltab\/L109.pdf\" target=\"_blank\"><strong>PDF-Buslinie 109<\/strong><\/a><\/p>\n\n\n\n<ul><li>Busverbindung ab 36452 Kaltennordheim nach 36452\nKaltennordheim \/ OT Kaltenwestheim.<\/li><\/ul>\n\n\n\n<p>Informationen zu Bahnverbindungen ab Kaltennrdheim unter \u00a0<a rel=\"noreferrer noopener\" aria-label=\"www.mbb-mgn.de (\u00f6ffnet in neuem Tab)\" href=\"http:\/\/www.mbb-mgn.de\" target=\"_blank\">www.mbb-mgn.de<\/a><\/p><br><br>\n\n\n\n<p><\/p>\n\n\n\n<p><strong>Anreise \u00fcber Bahnhof &#8211; 98617 Meiningen<\/strong><\/p>\n\n\n\n<ul><li>Busverbindung 411 ab Busbahnhof Meiningen nach 36452\nKaltennordheim \/ OT Kaltenwestheim.<\/li><\/ul>\n\n\n\n<p>Informationen zur Buslinie 411 ab Meiningen unter \u00a0<a rel=\"noreferrer noopener\" aria-label=\"PDF-Buslinie 411 (\u00f6ffnet in neuem Tab)\" href=\"https:\/\/www.mbb-mgn.de\/media\/Download\/ab-09_12_2018\/411.pdf\" target=\"_blank\"><strong>PDF-Buslinie 411<\/strong><\/a><br><\/p>\n","protected":false},"excerpt":{"rendered":"<p>F\u00fcr G\u00e4ste die mit Bus und Bahn reisen gibt es folgende Anreisem\u00f6glichkeiten. Anreise \u00fcber Bahnhof Fulda, Bahnhof Bad Salzungen, Bahnhof Meiningen. Informationen zu Bahnverbindungen bekommen Sie auf der Internetseite der Deutschen Bahn. Anreise \u00fcber Bahnhof &#8211; 36037 Fulda Busverbindung ab<\/p>\n","protected":false},"author":1,"featured_media":0,"parent":0,"menu_order":0,"comment_status":"closed","ping_status":"closed","template":"","meta":{"ngg_post_thumbnail":0},"_links":{"self":[{"href":"https:\/\/xn--rhner-auszeit-jmb.de\/index.php?rest_route=\/wp\/v2\/pages\/517"}],"collection":[{"href":"https:\/\/xn--rhner-auszeit-jmb.de\/index.php?rest_route=\/wp\/v2\/pages"}],"about":[{"href":"https:\/\/xn--rhner-auszeit-jmb.de\/index.php?rest_route=\/wp\/v2\/types\/page"}],"author":[{"embeddable":true,"href":"https:\/\/xn--rhner-auszeit-jmb.de\/index.php?rest_route=\/wp\/v2\/users\/1"}],"replies":[{"embeddable":true,"href":"https:\/\/xn--rhner-auszeit-jmb.de\/index.php?rest_route=%2Fwp%2Fv2%2Fcomments&post=517"}],"version-history":[{"count":6,"href":"https:\/\/xn--rhner-auszeit-jmb.de\/index.php?rest_route=\/wp\/v2\/pages\/517\/revisions"}],"predecessor-version":[{"id":528,"href":"https:\/\/xn--rhner-auszeit-jmb.de\/index.php?rest_route=\/wp\/v2\/pages\/517\/revisions\/528"}],"wp:attachment":[{"href":"https:\/\/xn--rhner-auszeit-jmb.de\/index.php?rest_route=%2Fwp%2Fv2%2Fmedia&parent=517"}],"curies":[{"name":"wp","href":"https:\/\/api.w.org\/{rel}","templated":true}]}}