{"id":269,"date":"2019-01-04T20:27:44","date_gmt":"2019-01-04T20:27:44","guid":{"rendered":"http:\/\/xn--rhner-auszeit-jmb.de\/?page_id=269"},"modified":"2019-01-04T20:27:45","modified_gmt":"2019-01-04T20:27:45","slug":"die-rhoen","status":"publish","type":"page","link":"https:\/\/xn--rhner-auszeit-jmb.de\/?page_id=269","title":{"rendered":"Die Rh\u00f6n"},"content":{"rendered":"\n<p>Die Rh\u00f6n ist ein etwa 1500 km\u00b2 gro\u00dfes Mittelgebirge im Grenzgebiet der deutschen L\u00e4nder Bayern, Hessen und Th\u00fcringen. In mittelalterlichen Schriften noch als Buchonia \u201eLand der Buchenurw\u00e4lder\u201c beschrieben, ist durch gro\u00dffl\u00e4chige Rodungen das heutige Landschaftsbild mit etwa 30 % Waldbestand entstanden. In keinem anderen Mittelgebirge hat man so weite Blicke wie in der Rh\u00f6n. Ein uraltes Wiesen- und Weideland, einzigartig in Europa. Ein Mittelgebirge mit einer F\u00fclle an Natursch\u00e4tzen, Urw\u00e4ldern, Biotopen und geheimnisvollen artenreichen Mooren. Es wurde 1991 von der UNESCO als Biosph\u00e4renreservat ausgezeichnet.<\/p>\n\n\n\n<figure class=\"wp-block-image\"><img decoding=\"async\" loading=\"lazy\" width=\"1024\" height=\"715\" src=\"http:\/\/xn--rhner-auszeit-jmb.de\/wp-content\/uploads\/2019\/01\/Rh\u00f6nschafe_2009_2-1024x715.jpg\" alt=\"\" class=\"wp-image-43\" srcset=\"https:\/\/xn--rhner-auszeit-jmb.de\/wp-content\/uploads\/2019\/01\/Rh\u00f6nschafe_2009_2-1024x715.jpg 1024w, https:\/\/xn--rhner-auszeit-jmb.de\/wp-content\/uploads\/2019\/01\/Rh\u00f6nschafe_2009_2-300x210.jpg 300w, https:\/\/xn--rhner-auszeit-jmb.de\/wp-content\/uploads\/2019\/01\/Rh\u00f6nschafe_2009_2-768x537.jpg 768w\" sizes=\"(max-width: 1024px) 100vw, 1024px\" \/><\/figure>\n\n\n\n<p>Die Rh\u00f6n kann am besten zu Fu\u00df oder in vielen Bereichen auch per Fahrrad erkundet werden. Die Rad- und Wanderwege sind gut ausgebaut und beschildert.<\/p>\n\n\n\n<figure class=\"wp-block-image\"><img decoding=\"async\" loading=\"lazy\" width=\"1024\" height=\"667\" src=\"http:\/\/xn--rhner-auszeit-jmb.de\/wp-content\/uploads\/2019\/01\/Arche_Rhoen_Weidberg3-1024x667.jpg\" alt=\"\" class=\"wp-image-270\" srcset=\"https:\/\/xn--rhner-auszeit-jmb.de\/wp-content\/uploads\/2019\/01\/Arche_Rhoen_Weidberg3-1024x667.jpg 1024w, https:\/\/xn--rhner-auszeit-jmb.de\/wp-content\/uploads\/2019\/01\/Arche_Rhoen_Weidberg3-300x195.jpg 300w, https:\/\/xn--rhner-auszeit-jmb.de\/wp-content\/uploads\/2019\/01\/Arche_Rhoen_Weidberg3-768x500.jpg 768w\" sizes=\"(max-width: 1024px) 100vw, 1024px\" \/><\/figure>\n\n\n\n<p>Auch f\u00fcr Wintersportler ist die Rh\u00f6n einen Besuch wert. In vielen Bereichen werden Loipen gespurt und viele Gastst\u00e4tten verwandeln sich in den Wintermonaten in sch\u00f6ne Ski-H\u00fctten.<\/p>\n\n\n\n<p style=\"text-align:center\" class=\"has-medium-font-size\">Infos zu Wanderwegen der Region<\/p>\n\n\n\n<p style=\"text-align:center\" class=\"has-medium-font-size\"><a href=\"http:\/\/www.rhoenklub.de\" target=\"_blank\" rel=\"noreferrer noopener\" aria-label=\"www.rhoenklub.de   (\u00f6ffnet in neuem Tab)\">www.rhoenklub.de  <\/a><\/p>\n\n\n\n<p style=\"text-align:center\" class=\"has-medium-font-size\"><a href=\"http:\/\/www.thueringerrhoen.de\" target=\"_blank\" rel=\"noreferrer noopener\" aria-label=\"www.thueringerrhoen.de (\u00f6ffnet in neuem Tab)\">www.thueringerrhoen.de<\/a> <\/p>\n\n\n\n<p style=\"text-align:center\" class=\"has-medium-font-size\"><a href=\"http:\/\/www.arche-rhoen.de\/index.php\/entdeckerpfad\/wandern-in-der-rhoen\" target=\"_blank\" rel=\"noreferrer noopener\" aria-label=\"Weitere Infos zum Thema Wandern in der Rh\u00f6n (\u00f6ffnet in neuem Tab)\">Weitere Infos zum Thema Wandern in der Rh\u00f6n<\/a><\/p>\n","protected":false},"excerpt":{"rendered":"<p>Die Rh\u00f6n ist ein etwa 1500 km\u00b2 gro\u00dfes Mittelgebirge im Grenzgebiet der deutschen L\u00e4nder Bayern, Hessen und Th\u00fcringen. In mittelalterlichen Schriften noch als Buchonia \u201eLand der Buchenurw\u00e4lder\u201c beschrieben, ist durch gro\u00dffl\u00e4chige Rodungen das heutige Landschaftsbild mit etwa 30 % Waldbestand<\/p>\n","protected":false},"author":1,"featured_media":0,"parent":0,"menu_order":0,"comment_status":"closed","ping_status":"closed","template":"","meta":{"ngg_post_thumbnail":0},"_links":{"self":[{"href":"https:\/\/xn--rhner-auszeit-jmb.de\/index.php?rest_route=\/wp\/v2\/pages\/269"}],"collection":[{"href":"https:\/\/xn--rhner-auszeit-jmb.de\/index.php?rest_route=\/wp\/v2\/pages"}],"about":[{"href":"https:\/\/xn--rhner-auszeit-jmb.de\/index.php?rest_route=\/wp\/v2\/types\/page"}],"author":[{"embeddable":true,"href":"https:\/\/xn--rhner-auszeit-jmb.de\/index.php?rest_route=\/wp\/v2\/users\/1"}],"replies":[{"embeddable":true,"href":"https:\/\/xn--rhner-auszeit-jmb.de\/index.php?rest_route=%2Fwp%2Fv2%2Fcomments&post=269"}],"version-history":[{"count":1,"href":"https:\/\/xn--rhner-auszeit-jmb.de\/index.php?rest_route=\/wp\/v2\/pages\/269\/revisions"}],"predecessor-version":[{"id":272,"href":"https:\/\/xn--rhner-auszeit-jmb.de\/index.php?rest_route=\/wp\/v2\/pages\/269\/revisions\/272"}],"wp:attachment":[{"href":"https:\/\/xn--rhner-auszeit-jmb.de\/index.php?rest_route=%2Fwp%2Fv2%2Fmedia&parent=269"}],"curies":[{"name":"wp","href":"https:\/\/api.w.org\/{rel}","templated":true}]}}