{"id":256,"date":"2019-01-04T20:14:12","date_gmt":"2019-01-04T20:14:12","guid":{"rendered":"http:\/\/xn--rhner-auszeit-jmb.de\/?page_id=256"},"modified":"2019-01-04T20:15:22","modified_gmt":"2019-01-04T20:15:22","slug":"noahs-segel-ellenbogen","status":"publish","type":"page","link":"https:\/\/xn--rhner-auszeit-jmb.de\/?page_id=256","title":{"rendered":"Noahs Segel \/ Ellenbogen"},"content":{"rendered":"\n<p>Der Ellenbogen ist ein 813m \u00fc. NHN hoher Berg im th\u00fcringischen Teil der Rh\u00f6n. Die unteren Teile seiner Flanken liegen in Bayern und Hessen. Rund 1,5 km s\u00fcdlich befindet sich mit dem Schnitzersberg (815,5m \u00fc. NHN) die h\u00f6chste Erhebung der th\u00fcringischen Rh\u00f6n. Der Berg ist vulkanischen Ursprungs.<\/p>\n\n\n\n<figure class=\"wp-block-image\"><img decoding=\"async\" loading=\"lazy\" width=\"1024\" height=\"768\" src=\"http:\/\/xn--rhner-auszeit-jmb.de\/wp-content\/uploads\/2019\/01\/Die_Rhoen_Ellenbogen-1024x768.jpg\" alt=\"\" class=\"wp-image-10\" srcset=\"https:\/\/xn--rhner-auszeit-jmb.de\/wp-content\/uploads\/2019\/01\/Die_Rhoen_Ellenbogen-1024x768.jpg 1024w, https:\/\/xn--rhner-auszeit-jmb.de\/wp-content\/uploads\/2019\/01\/Die_Rhoen_Ellenbogen-300x225.jpg 300w, https:\/\/xn--rhner-auszeit-jmb.de\/wp-content\/uploads\/2019\/01\/Die_Rhoen_Ellenbogen-768x576.jpg 768w\" sizes=\"(max-width: 1024px) 100vw, 1024px\" \/><\/figure>\n\n\n\n<p>Durch seine sch\u00f6nen Naturlandschaften ist der Berg ein Ausflugsziel f\u00fcr viele Wanderer. \u00dcber Ellenbogen und Schnitzersberg f\u00fchrt der von der Wasserkuppe kommende Rh\u00f6n-Rennsteig-Wanderweg, der weiter nach Oberhof verl\u00e4uft. Nahe dem Gipfel des Ellenbogens steht das Eisenacher Haus, das 1928 vom Rh\u00f6nklubzweigverein Eisenach als Wanderheim errichtet wurde. Es wurde im Kalten Krieg erst enteignet und anschlie\u00dfend aufgrund der Grenzn\u00e4he als Horchposten der DDR genutzt. Derzeit befindet sich ein Hotelbetrieb im Haus. Ungef\u00e4hr 1 km s\u00fcdwestlich vom Eisenacher Haus steht im Wald versteckt das <a aria-label=\"Th\u00fcringer Rh\u00f6nhaus  (\u00f6ffnet in neuem Tab)\" href=\"http:\/\/thueringer-rhoenhaus.de\/\" target=\"_blank\" rel=\"noreferrer noopener\"><strong>Th\u00fcringer Rh\u00f6nhaus <\/strong><\/a>ein Bergrestaurant mit Pension und Tiergehege. Am Eisenacher Haus treffen sich der Rh\u00f6n-H\u00f6hen-Weg, der Milseburgweg und weitere \u00f6rtliche Wanderwege und Rundwanderwege.<\/p>\n\n\n\n<figure class=\"wp-block-image\"><img decoding=\"async\" loading=\"lazy\" width=\"1024\" height=\"768\" src=\"http:\/\/xn--rhner-auszeit-jmb.de\/wp-content\/uploads\/2019\/01\/Noahs_segel_wandern_2-1024x768.jpg\" alt=\"\" class=\"wp-image-258\" srcset=\"https:\/\/xn--rhner-auszeit-jmb.de\/wp-content\/uploads\/2019\/01\/Noahs_segel_wandern_2-1024x768.jpg 1024w, https:\/\/xn--rhner-auszeit-jmb.de\/wp-content\/uploads\/2019\/01\/Noahs_segel_wandern_2-300x225.jpg 300w, https:\/\/xn--rhner-auszeit-jmb.de\/wp-content\/uploads\/2019\/01\/Noahs_segel_wandern_2-768x576.jpg 768w\" sizes=\"(max-width: 1024px) 100vw, 1024px\" \/><\/figure>\n\n\n\n<figure class=\"wp-block-image\"><img decoding=\"async\" loading=\"lazy\" width=\"1024\" height=\"768\" src=\"http:\/\/xn--rhner-auszeit-jmb.de\/wp-content\/uploads\/2019\/01\/Noahs_segel_rutsche_wandern_1-1024x768.jpg\" alt=\"\" class=\"wp-image-257\" srcset=\"https:\/\/xn--rhner-auszeit-jmb.de\/wp-content\/uploads\/2019\/01\/Noahs_segel_rutsche_wandern_1-1024x768.jpg 1024w, https:\/\/xn--rhner-auszeit-jmb.de\/wp-content\/uploads\/2019\/01\/Noahs_segel_rutsche_wandern_1-300x225.jpg 300w, https:\/\/xn--rhner-auszeit-jmb.de\/wp-content\/uploads\/2019\/01\/Noahs_segel_rutsche_wandern_1-768x576.jpg 768w\" sizes=\"(max-width: 1024px) 100vw, 1024px\" \/><\/figure>\n\n\n\n<p>Die Besucherplattform &#8222;Noahs Segel&#8220; ist ein touristisches Projekt im Herzen des UNESCO Biosph\u00e4renreservats Rh\u00f6n und bietet den Besuchern einen totalen Panoramablick auf die Region. Die Aussichtsplattform mit einer H\u00f6he von 21 m ist \u00fcber eine Treppe zug\u00e4nglich. Hier befindet man sich in luftiger H\u00f6he von knapp 840 Meter \u00fcber dem Meeresspiegel, mit einen fantastischen Rundum Blick \u00fcber die gesamte Rh\u00f6n von Th\u00fcringen bis nach Bayern und Hessen.<\/p>\n\n\n\n<p style=\"text-align:center\" class=\"has-medium-font-size\">Weitere Infos zu Noahs Segel und den Ellenbogen unter <a href=\"https:\/\/www.noahs-segel.de\/\" target=\"_blank\" rel=\"noreferrer noopener\" aria-label=\"www.noahs-segel.de (\u00f6ffnet in neuem Tab)\">www.noahs-segel.de<\/a><\/p>\n","protected":false},"excerpt":{"rendered":"<p>Der Ellenbogen ist ein 813m \u00fc. NHN hoher Berg im th\u00fcringischen Teil der Rh\u00f6n. Die unteren Teile seiner Flanken liegen in Bayern und Hessen. Rund 1,5 km s\u00fcdlich befindet sich mit dem Schnitzersberg (815,5m \u00fc. NHN) die h\u00f6chste Erhebung der<\/p>\n","protected":false},"author":1,"featured_media":0,"parent":0,"menu_order":0,"comment_status":"closed","ping_status":"closed","template":"","meta":{"ngg_post_thumbnail":0},"_links":{"self":[{"href":"https:\/\/xn--rhner-auszeit-jmb.de\/index.php?rest_route=\/wp\/v2\/pages\/256"}],"collection":[{"href":"https:\/\/xn--rhner-auszeit-jmb.de\/index.php?rest_route=\/wp\/v2\/pages"}],"about":[{"href":"https:\/\/xn--rhner-auszeit-jmb.de\/index.php?rest_route=\/wp\/v2\/types\/page"}],"author":[{"embeddable":true,"href":"https:\/\/xn--rhner-auszeit-jmb.de\/index.php?rest_route=\/wp\/v2\/users\/1"}],"replies":[{"embeddable":true,"href":"https:\/\/xn--rhner-auszeit-jmb.de\/index.php?rest_route=%2Fwp%2Fv2%2Fcomments&post=256"}],"version-history":[{"count":3,"href":"https:\/\/xn--rhner-auszeit-jmb.de\/index.php?rest_route=\/wp\/v2\/pages\/256\/revisions"}],"predecessor-version":[{"id":263,"href":"https:\/\/xn--rhner-auszeit-jmb.de\/index.php?rest_route=\/wp\/v2\/pages\/256\/revisions\/263"}],"wp:attachment":[{"href":"https:\/\/xn--rhner-auszeit-jmb.de\/index.php?rest_route=%2Fwp%2Fv2%2Fmedia&parent=256"}],"curies":[{"name":"wp","href":"https:\/\/api.w.org\/{rel}","templated":true}]}}