{"id":629,"date":"2022-04-14T14:18:37","date_gmt":"2022-04-14T14:18:37","guid":{"rendered":"http:\/\/xn--rhner-auszeit-jmb.de\/?page_id=629"},"modified":"2022-04-23T11:53:10","modified_gmt":"2022-04-23T11:53:10","slug":"wohnung-ringeltaube","status":"publish","type":"page","link":"http:\/\/xn--rhner-auszeit-jmb.de\/?page_id=629","title":{"rendered":"Wohnung Ringeltaube"},"content":{"rendered":"\n<p>Im Nebengeb\u00e4ude befindet sich die Wohnung \u201cRingeltaube&#8220;. Sie bietetet  Platz f\u00fcr 2 Personen (bis 3 Personen auf Anfrage m\u00f6glich). <br><br>Die  Wohnung wurde 2021\/22 komplett saniert und bietet auf kleinem Raum eine  moderne Ausstattung und ein Design mit Landhauselementen.<\/p>\n\n\n\n<p>Im\n Spitzdach, erreichbar \u00fcber eine schmale Treppe mit Handlauf, befindet \nsich das Schlafzimmer. Es ist mit zwei Einzelbetten ausgestattet und \nl\u00e4dt zum entspannen ein.<\/p>\n\n\n\n<p>Die Wohnk\u00fcche ist mit einer K\u00fcchenzeile (\n Induktions-Kochfeld, Mini-Backofen, K\u00fchlschrank, Wasserkocher, \nKaffeemaschine, Toaster ) ausgestattet. Ein Esstisch mit Bestuhlung, \nLCD-TV und Radio geh\u00f6ren zur weiteren Ausstattung.<\/p>\n\n\n\n<p>Bad mit Dusche, WC und Tageslichtfenster.<\/p>\n\n\n\n<p>In der Wohnung kann kostenfreies WLAN genutzt werden.<\/p>\n\n\n\n<p>Abschlie\u00dfbarer Stellplatz f\u00fcr Fahrr\u00e4der, E-Bikes, Motorr\u00e4der sowie die Haltung von Haustieren auf Anfrage m\u00f6glich.<br><\/p>\n\n\n\n<p>Die\n Haltung von Haustieren in den Ferienwohnungen ist nicht gestattet. F\u00fcr \nHunde kann eine \u00dcbernachtungsm\u00f6glichkeit ( Zwinger mit Wiese als Auslauf\n ) gebucht werden.<\/p>\n\n\n\n<p>Handt\u00fccher und Bettw\u00e4sche sind vorhanden und im\n Mietpreis enthalten. Auf Anfrage kann ein Kinder-Reisebett zur \nVerf\u00fcgung gestellt werden. F\u00fcr das Reisebett wird keine Bettdecke, \nKopfkissen und Bettw\u00e4sche zur Verf\u00fcgung gestellt. Dies ist von den \nG\u00e4sten mitzubringen.<\/p>\n\n\n\n<figure class=\"wp-block-image\"><img decoding=\"async\" loading=\"lazy\" width=\"1024\" height=\"768\" src=\"http:\/\/xn--rhner-auszeit-jmb.de\/wp-content\/uploads\/2022\/04\/Schlafzimmer_Ringeltaube_4-1024x768.jpg\" alt=\"\" class=\"wp-image-636\" srcset=\"http:\/\/xn--rhner-auszeit-jmb.de\/wp-content\/uploads\/2022\/04\/Schlafzimmer_Ringeltaube_4-1024x768.jpg 1024w, http:\/\/xn--rhner-auszeit-jmb.de\/wp-content\/uploads\/2022\/04\/Schlafzimmer_Ringeltaube_4-300x225.jpg 300w, http:\/\/xn--rhner-auszeit-jmb.de\/wp-content\/uploads\/2022\/04\/Schlafzimmer_Ringeltaube_4-768x576.jpg 768w\" sizes=\"(max-width: 1024px) 100vw, 1024px\" \/><\/figure>\n\n\n\n<figure class=\"wp-block-image\"><img decoding=\"async\" loading=\"lazy\" width=\"768\" height=\"1024\" src=\"http:\/\/xn--rhner-auszeit-jmb.de\/wp-content\/uploads\/2022\/04\/Wohn-K\u00fcche_Ringeltaube_2-768x1024.jpg\" alt=\"\" class=\"wp-image-639\" srcset=\"http:\/\/xn--rhner-auszeit-jmb.de\/wp-content\/uploads\/2022\/04\/Wohn-K\u00fcche_Ringeltaube_2-768x1024.jpg 768w, http:\/\/xn--rhner-auszeit-jmb.de\/wp-content\/uploads\/2022\/04\/Wohn-K\u00fcche_Ringeltaube_2-225x300.jpg 225w\" sizes=\"(max-width: 768px) 100vw, 768px\" \/><\/figure>\n\n\n\n<figure class=\"wp-block-image\"><img decoding=\"async\" loading=\"lazy\" width=\"1024\" height=\"768\" src=\"http:\/\/xn--rhner-auszeit-jmb.de\/wp-content\/uploads\/2022\/04\/Wohn-K\u00fcche_Ringeltaube_3-1024x768.jpg\" alt=\"\" class=\"wp-image-640\" srcset=\"http:\/\/xn--rhner-auszeit-jmb.de\/wp-content\/uploads\/2022\/04\/Wohn-K\u00fcche_Ringeltaube_3-1024x768.jpg 1024w, http:\/\/xn--rhner-auszeit-jmb.de\/wp-content\/uploads\/2022\/04\/Wohn-K\u00fcche_Ringeltaube_3-300x225.jpg 300w, http:\/\/xn--rhner-auszeit-jmb.de\/wp-content\/uploads\/2022\/04\/Wohn-K\u00fcche_Ringeltaube_3-768x576.jpg 768w\" sizes=\"(max-width: 1024px) 100vw, 1024px\" \/><\/figure>\n\n\n\n<figure class=\"wp-block-image\"><img decoding=\"async\" loading=\"lazy\" width=\"1024\" height=\"768\" src=\"http:\/\/xn--rhner-auszeit-jmb.de\/wp-content\/uploads\/2022\/04\/Wohn-K\u00fcche_Ringeltaube_4-1024x768.jpg\" alt=\"\" class=\"wp-image-641\" srcset=\"http:\/\/xn--rhner-auszeit-jmb.de\/wp-content\/uploads\/2022\/04\/Wohn-K\u00fcche_Ringeltaube_4-1024x768.jpg 1024w, http:\/\/xn--rhner-auszeit-jmb.de\/wp-content\/uploads\/2022\/04\/Wohn-K\u00fcche_Ringeltaube_4-300x225.jpg 300w, http:\/\/xn--rhner-auszeit-jmb.de\/wp-content\/uploads\/2022\/04\/Wohn-K\u00fcche_Ringeltaube_4-768x576.jpg 768w\" sizes=\"(max-width: 1024px) 100vw, 1024px\" \/><\/figure>\n\n\n\n<figure class=\"wp-block-image\"><img decoding=\"async\" loading=\"lazy\" width=\"768\" height=\"1024\" src=\"http:\/\/xn--rhner-auszeit-jmb.de\/wp-content\/uploads\/2022\/04\/Bad_Ringeltaube_1-768x1024.jpg\" alt=\"\" class=\"wp-image-630\" srcset=\"http:\/\/xn--rhner-auszeit-jmb.de\/wp-content\/uploads\/2022\/04\/Bad_Ringeltaube_1-768x1024.jpg 768w, http:\/\/xn--rhner-auszeit-jmb.de\/wp-content\/uploads\/2022\/04\/Bad_Ringeltaube_1-225x300.jpg 225w\" sizes=\"(max-width: 768px) 100vw, 768px\" \/><\/figure>\n\n\n\n<figure class=\"wp-block-image\"><img decoding=\"async\" loading=\"lazy\" width=\"768\" height=\"1024\" src=\"http:\/\/xn--rhner-auszeit-jmb.de\/wp-content\/uploads\/2022\/04\/Bad_Ringeltaube_2-768x1024.jpg\" alt=\"\" class=\"wp-image-631\" srcset=\"http:\/\/xn--rhner-auszeit-jmb.de\/wp-content\/uploads\/2022\/04\/Bad_Ringeltaube_2-768x1024.jpg 768w, http:\/\/xn--rhner-auszeit-jmb.de\/wp-content\/uploads\/2022\/04\/Bad_Ringeltaube_2-225x300.jpg 225w\" sizes=\"(max-width: 768px) 100vw, 768px\" \/><\/figure>\n\n\n\n<figure class=\"wp-block-image\"><img decoding=\"async\" loading=\"lazy\" width=\"1024\" height=\"768\" src=\"http:\/\/xn--rhner-auszeit-jmb.de\/wp-content\/uploads\/2022\/04\/Schlafzimmer_Ringeltaube_2-1024x768.jpg\" alt=\"\" class=\"wp-image-634\" srcset=\"http:\/\/xn--rhner-auszeit-jmb.de\/wp-content\/uploads\/2022\/04\/Schlafzimmer_Ringeltaube_2-1024x768.jpg 1024w, http:\/\/xn--rhner-auszeit-jmb.de\/wp-content\/uploads\/2022\/04\/Schlafzimmer_Ringeltaube_2-300x225.jpg 300w, http:\/\/xn--rhner-auszeit-jmb.de\/wp-content\/uploads\/2022\/04\/Schlafzimmer_Ringeltaube_2-768x576.jpg 768w\" sizes=\"(max-width: 1024px) 100vw, 1024px\" \/><\/figure>\n\n\n\n<table class=\"wp-block-table\"><tbody><tr><td><strong>Saison<\/strong><br>(01.04.-30.09.)<br>ab 3 \u00dcbernachtungen, ( 1-2 Tages\u00fcbernachtung 60\u20ac \/ 2 Personen) <br>2 Personen ( Aufbettung bis 4 Personen auf Anfrage ) <\/td><\/tr><tr><td> <strong>50\u20ac pro Nacht<\/strong> <strong>( 2 Pers. \/ ab 3 \u00dcbernachtungen)<\/strong> <\/td><\/tr><tr><td>jede weitere Person 15\u20ac pro Tag<br>Kinder bis 2 Jahre kostenlos  <\/td><\/tr><\/tbody><\/table>\n\n\n\n<p><strong>Buchung \/ Anfragen: info@rhoener-auszeit.de<\/strong><br><br><strong>Telefon \/ WhatsApp: 0151 \/ 12316651<\/strong><\/p>\n\n\n\n<p>\nEin-Tages\u00fcbernachtungen auf Anfrage m\u00f6glich.\n\n<\/p>\n\n\n\n<p class=\"has-text-color has-medium-font-size has-vivid-cyan-blue-color\"><a href=\"https:\/\/www.bestfewo.de\/unterkunft\/23385784.html\">Link zum Buchungskalender und zur Online-Buchung<\/a><\/p>\n\n\n\n<p>Im Gesamtpreis sind Bettw\u00e4sche, Handt\u00fccher, Wasser, Energie und Endreinigung enthalten.<\/p>\n\n\n\n<p class=\"has-text-color has-luminous-vivid-orange-color\">F\u00fcr das Kinder-Reisebett wird keine Bettdecke, Kopfkissen und Bettw\u00e4sche zur  Verf\u00fcgung gestellt. Dies ist von den G\u00e4sten mitzubringen.<\/p>\n\n\n\n<p>Anreise ab 14 Uhr am Anreisetag.<br>Abreise bis 10 Uhr am Abreisetag.<\/p>\n\n\n\n<p>Haltung von Haustieren auf Anfrage. <br>Die Haltung von Haustieren in den Ferienwohnungen ist nicht gestattet. F\u00fcr Hunde ist eine \u00dcbernachtungsm\u00f6glichkeit ( Zwinger mit Auslauf ) im Nebengeb\u00e4ude vorhanden. Pro Nacht werden 8\u20ac f\u00fcr die Unterbringung im Zwinger berechnet.<\/p>\n\n\n\n<ul class=\"is-layout-flex wp-block-gallery-1 wp-block-gallery columns-3 is-cropped\"><li class=\"blocks-gallery-item\"><figure><img decoding=\"async\" loading=\"lazy\" width=\"768\" height=\"1024\" src=\"http:\/\/xn--rhner-auszeit-jmb.de\/wp-content\/uploads\/2019\/04\/Zwinger_Rh\u00f6ner_Auszeit_1-768x1024.jpg\" alt=\"\" data-id=\"541\" class=\"wp-image-541\" srcset=\"http:\/\/xn--rhner-auszeit-jmb.de\/wp-content\/uploads\/2019\/04\/Zwinger_Rh\u00f6ner_Auszeit_1-768x1024.jpg 768w, http:\/\/xn--rhner-auszeit-jmb.de\/wp-content\/uploads\/2019\/04\/Zwinger_Rh\u00f6ner_Auszeit_1-225x300.jpg 225w, http:\/\/xn--rhner-auszeit-jmb.de\/wp-content\/uploads\/2019\/04\/Zwinger_Rh\u00f6ner_Auszeit_1.jpg 1200w\" sizes=\"(max-width: 768px) 100vw, 768px\" \/><\/figure><\/li><li class=\"blocks-gallery-item\"><figure><img decoding=\"async\" loading=\"lazy\" width=\"768\" height=\"1024\" src=\"http:\/\/xn--rhner-auszeit-jmb.de\/wp-content\/uploads\/2019\/04\/Zwinger_Rh\u00f6ner_Auszeit_2-768x1024.jpg\" alt=\"\" data-id=\"542\" data-link=\"http:\/\/xn--rhner-auszeit-jmb.de\/?attachment_id=542\" class=\"wp-image-542\" srcset=\"http:\/\/xn--rhner-auszeit-jmb.de\/wp-content\/uploads\/2019\/04\/Zwinger_Rh\u00f6ner_Auszeit_2-768x1024.jpg 768w, http:\/\/xn--rhner-auszeit-jmb.de\/wp-content\/uploads\/2019\/04\/Zwinger_Rh\u00f6ner_Auszeit_2-225x300.jpg 225w, http:\/\/xn--rhner-auszeit-jmb.de\/wp-content\/uploads\/2019\/04\/Zwinger_Rh\u00f6ner_Auszeit_2.jpg 1200w\" sizes=\"(max-width: 768px) 100vw, 768px\" \/><\/figure><\/li><li class=\"blocks-gallery-item\"><figure><img decoding=\"async\" loading=\"lazy\" width=\"768\" height=\"1024\" src=\"http:\/\/xn--rhner-auszeit-jmb.de\/wp-content\/uploads\/2019\/04\/Zwinger_Rh\u00f6ner_Auszeit_3-768x1024.jpg\" alt=\"\" data-id=\"543\" data-link=\"http:\/\/xn--rhner-auszeit-jmb.de\/?attachment_id=543\" class=\"wp-image-543\" srcset=\"http:\/\/xn--rhner-auszeit-jmb.de\/wp-content\/uploads\/2019\/04\/Zwinger_Rh\u00f6ner_Auszeit_3-768x1024.jpg 768w, http:\/\/xn--rhner-auszeit-jmb.de\/wp-content\/uploads\/2019\/04\/Zwinger_Rh\u00f6ner_Auszeit_3-225x300.jpg 225w, http:\/\/xn--rhner-auszeit-jmb.de\/wp-content\/uploads\/2019\/04\/Zwinger_Rh\u00f6ner_Auszeit_3.jpg 1200w\" sizes=\"(max-width: 768px) 100vw, 768px\" \/><\/figure><\/li><\/ul>\n","protected":false},"excerpt":{"rendered":"<p>Im Nebengeb\u00e4ude befindet sich die Wohnung \u201cRingeltaube&#8220;. Sie bietetet Platz f\u00fcr 2 Personen (bis 3 Personen auf Anfrage m\u00f6glich). Die Wohnung wurde 2021\/22 komplett saniert und bietet auf kleinem Raum eine moderne Ausstattung und ein Design mit Landhauselementen. Im Spitzdach,<\/p>\n","protected":false},"author":1,"featured_media":0,"parent":0,"menu_order":0,"comment_status":"closed","ping_status":"closed","template":"","meta":{"ngg_post_thumbnail":0},"_links":{"self":[{"href":"http:\/\/xn--rhner-auszeit-jmb.de\/index.php?rest_route=\/wp\/v2\/pages\/629"}],"collection":[{"href":"http:\/\/xn--rhner-auszeit-jmb.de\/index.php?rest_route=\/wp\/v2\/pages"}],"about":[{"href":"http:\/\/xn--rhner-auszeit-jmb.de\/index.php?rest_route=\/wp\/v2\/types\/page"}],"author":[{"embeddable":true,"href":"http:\/\/xn--rhner-auszeit-jmb.de\/index.php?rest_route=\/wp\/v2\/users\/1"}],"replies":[{"embeddable":true,"href":"http:\/\/xn--rhner-auszeit-jmb.de\/index.php?rest_route=%2Fwp%2Fv2%2Fcomments&post=629"}],"version-history":[{"count":3,"href":"http:\/\/xn--rhner-auszeit-jmb.de\/index.php?rest_route=\/wp\/v2\/pages\/629\/revisions"}],"predecessor-version":[{"id":654,"href":"http:\/\/xn--rhner-auszeit-jmb.de\/index.php?rest_route=\/wp\/v2\/pages\/629\/revisions\/654"}],"wp:attachment":[{"href":"http:\/\/xn--rhner-auszeit-jmb.de\/index.php?rest_route=%2Fwp%2Fv2%2Fmedia&parent=629"}],"curies":[{"name":"wp","href":"https:\/\/api.w.org\/{rel}","templated":true}]}}