{"id":573,"date":"2021-03-20T09:38:08","date_gmt":"2021-03-20T09:38:08","guid":{"rendered":"http:\/\/xn--rhner-auszeit-jmb.de\/?page_id=573"},"modified":"2025-05-18T15:38:53","modified_gmt":"2025-05-18T15:38:53","slug":"573-2","status":"publish","type":"page","link":"http:\/\/xn--rhner-auszeit-jmb.de\/?page_id=573","title":{"rendered":"Tino\u00b4s Cater Rh\u00f6n"},"content":{"rendered":"<div class=\"wp-block-image\">\n<figure class=\"aligncenter is-resized\"><img decoding=\"async\" loading=\"lazy\" src=\"http:\/\/xn--rhner-auszeit-jmb.de\/wp-content\/uploads\/2021\/03\/Logo_Tino_Catering_5.png\" alt=\"\" class=\"wp-image-575\" width=\"453\" height=\"169\" srcset=\"http:\/\/xn--rhner-auszeit-jmb.de\/wp-content\/uploads\/2021\/03\/Logo_Tino_Catering_5.png 3069w, http:\/\/xn--rhner-auszeit-jmb.de\/wp-content\/uploads\/2021\/03\/Logo_Tino_Catering_5-300x112.png 300w, http:\/\/xn--rhner-auszeit-jmb.de\/wp-content\/uploads\/2021\/03\/Logo_Tino_Catering_5-768x286.png 768w, http:\/\/xn--rhner-auszeit-jmb.de\/wp-content\/uploads\/2021\/03\/Logo_Tino_Catering_5-1024x381.png 1024w\" sizes=\"(max-width: 453px) 100vw, 453px\" \/><\/figure><\/div>\n\n\n<p class=\"has-text-align-center\"><br>Catering nach Ihren W\u00fcnschen<\/p>\n\n\n<div class=\"wp-block-image\">\n<figure class=\"aligncenter is-resized\"><img decoding=\"async\" loading=\"lazy\" src=\"http:\/\/xn--rhner-auszeit-jmb.de\/wp-content\/uploads\/2021\/03\/118389003_1711934672280654_1878228839959559538_o-1024x1024.jpg\" alt=\"\" class=\"wp-image-584\" width=\"373\" height=\"373\" srcset=\"http:\/\/xn--rhner-auszeit-jmb.de\/wp-content\/uploads\/2021\/03\/118389003_1711934672280654_1878228839959559538_o-1024x1024.jpg 1024w, http:\/\/xn--rhner-auszeit-jmb.de\/wp-content\/uploads\/2021\/03\/118389003_1711934672280654_1878228839959559538_o-150x150.jpg 150w, http:\/\/xn--rhner-auszeit-jmb.de\/wp-content\/uploads\/2021\/03\/118389003_1711934672280654_1878228839959559538_o-300x300.jpg 300w, http:\/\/xn--rhner-auszeit-jmb.de\/wp-content\/uploads\/2021\/03\/118389003_1711934672280654_1878228839959559538_o-768x768.jpg 768w, http:\/\/xn--rhner-auszeit-jmb.de\/wp-content\/uploads\/2021\/03\/118389003_1711934672280654_1878228839959559538_o-270x270.jpg 270w, http:\/\/xn--rhner-auszeit-jmb.de\/wp-content\/uploads\/2021\/03\/118389003_1711934672280654_1878228839959559538_o-230x230.jpg 230w, http:\/\/xn--rhner-auszeit-jmb.de\/wp-content\/uploads\/2021\/03\/118389003_1711934672280654_1878228839959559538_o.jpg 1080w\" sizes=\"(max-width: 373px) 100vw, 373px\" \/><figcaption class=\"wp-element-caption\"><strong> Outdoor-Catering&nbsp;Erlebniswelt&nbsp;Rh\u00f6nwald<\/strong><\/figcaption><\/figure><\/div>\n\n\n<h3><strong>Tino&#8217;s Cater Rh\u00f6n \u2013 Genuss, der verbindet<\/strong><\/h3>\n\n\n\n<p>Ob Familienfeier, Firmen-Event oder Hochzeit \u2013 <strong>Tino&#8217;s Cater Rh\u00f6n<\/strong> bringt kulinarische Leidenschaft direkt zu Ihnen! Mit regionalen Zutaten, kreativen Ideen und einem Herz f\u00fcr Gastfreundschaft sorgen wir daf\u00fcr, dass Ihr Anlass zu einem unvergesslichen Erlebnis wird.<\/p>\n\n\n\n<p><strong>Unsere Spezialit\u00e4t:<\/strong> Hausgemachte K\u00f6stlichkeiten aus der Rh\u00f6n \u2013 modern interpretiert und liebevoll angerichtet.<br><strong>Unser Anspruch:<\/strong> Pers\u00f6nlicher Service, individuelle Beratung und h\u00f6chste Qualit\u00e4t \u2013 vom ersten Bissen bis zum letzten Gast.<br><strong>Unser Versprechen:<\/strong> Regional, frisch &amp; zuverl\u00e4ssig \u2013 ob in der Rh\u00f6n oder dar\u00fcber hinaus.<\/p>\n\n\n\n<p><\/p>\n\n\n\n<h4>Jetzt unverbindlich anfragen \u2013 und den Geschmack der Rh\u00f6n entdecken!<\/h4>\n\n\n\n<p><strong>Tino&#8217;s Cater Rh\u00f6n \u2013 Wir kochen. Sie genie\u00dfen.<\/strong><\/p>\n\n\n\n<p class=\"has-text-align-left\"><strong>Tino Schmidt<\/strong><br><strong>Fuldaerstra\u00dfe 16<br>36452 Kaltennordheim<br>caterrhoen@web.de<br> Tel.: 0171 \/ 5437054 <\/strong><\/p>\n\n\n\n<figure class=\"is-layout-flex wp-block-gallery-1 wp-block-gallery has-nested-images columns-default is-cropped\">\n<figure class=\"wp-block-image size-large\"><img decoding=\"async\" loading=\"lazy\" width=\"683\" height=\"1024\" data-id=\"662\"  src=\"https:\/\/xn--rhner-auszeit-jmb.de\/wp-content\/uploads\/2025\/05\/IMG-20220603-WA0040-683x1024.jpg\" alt=\"\" class=\"wp-image-662\" srcset=\"http:\/\/xn--rhner-auszeit-jmb.de\/wp-content\/uploads\/2025\/05\/IMG-20220603-WA0040-683x1024.jpg 683w, http:\/\/xn--rhner-auszeit-jmb.de\/wp-content\/uploads\/2025\/05\/IMG-20220603-WA0040-200x300.jpg 200w, http:\/\/xn--rhner-auszeit-jmb.de\/wp-content\/uploads\/2025\/05\/IMG-20220603-WA0040-768x1152.jpg 768w, http:\/\/xn--rhner-auszeit-jmb.de\/wp-content\/uploads\/2025\/05\/IMG-20220603-WA0040-1024x1536.jpg 1024w, http:\/\/xn--rhner-auszeit-jmb.de\/wp-content\/uploads\/2025\/05\/IMG-20220603-WA0040.jpg 1365w\" sizes=\"(max-width: 683px) 100vw, 683px\" \/><\/figure>\n\n\n\n<figure class=\"wp-block-image size-large\"><img decoding=\"async\" loading=\"lazy\" width=\"768\" height=\"1024\" data-id=\"663\"  src=\"https:\/\/xn--rhner-auszeit-jmb.de\/wp-content\/uploads\/2025\/05\/20240517_150416-768x1024.jpg\" alt=\"\" class=\"wp-image-663\" srcset=\"http:\/\/xn--rhner-auszeit-jmb.de\/wp-content\/uploads\/2025\/05\/20240517_150416-768x1024.jpg 768w, http:\/\/xn--rhner-auszeit-jmb.de\/wp-content\/uploads\/2025\/05\/20240517_150416-225x300.jpg 225w, http:\/\/xn--rhner-auszeit-jmb.de\/wp-content\/uploads\/2025\/05\/20240517_150416-1152x1536.jpg 1152w, http:\/\/xn--rhner-auszeit-jmb.de\/wp-content\/uploads\/2025\/05\/20240517_150416-1536x2048.jpg 1536w, http:\/\/xn--rhner-auszeit-jmb.de\/wp-content\/uploads\/2025\/05\/20240517_150416-scaled.jpg 1920w\" sizes=\"(max-width: 768px) 100vw, 768px\" \/><\/figure>\n\n\n\n<figure class=\"wp-block-image size-large\"><img decoding=\"async\" loading=\"lazy\" width=\"768\" height=\"1024\" data-id=\"664\"  src=\"https:\/\/xn--rhner-auszeit-jmb.de\/wp-content\/uploads\/2025\/05\/20220701_162146-768x1024.jpg\" alt=\"\" class=\"wp-image-664\" srcset=\"http:\/\/xn--rhner-auszeit-jmb.de\/wp-content\/uploads\/2025\/05\/20220701_162146-768x1024.jpg 768w, http:\/\/xn--rhner-auszeit-jmb.de\/wp-content\/uploads\/2025\/05\/20220701_162146-225x300.jpg 225w, http:\/\/xn--rhner-auszeit-jmb.de\/wp-content\/uploads\/2025\/05\/20220701_162146-1152x1536.jpg 1152w, http:\/\/xn--rhner-auszeit-jmb.de\/wp-content\/uploads\/2025\/05\/20220701_162146-1536x2048.jpg 1536w, http:\/\/xn--rhner-auszeit-jmb.de\/wp-content\/uploads\/2025\/05\/20220701_162146-scaled.jpg 1920w\" sizes=\"(max-width: 768px) 100vw, 768px\" \/><\/figure>\n\n\n\n<figure class=\"wp-block-image size-large\"><img decoding=\"async\" loading=\"lazy\" width=\"1024\" height=\"768\" data-id=\"670\"  src=\"https:\/\/xn--rhner-auszeit-jmb.de\/wp-content\/uploads\/2025\/05\/IMG-20230409-WA0007-1-1024x768.jpg\" alt=\"\" class=\"wp-image-670\" srcset=\"http:\/\/xn--rhner-auszeit-jmb.de\/wp-content\/uploads\/2025\/05\/IMG-20230409-WA0007-1-1024x768.jpg 1024w, http:\/\/xn--rhner-auszeit-jmb.de\/wp-content\/uploads\/2025\/05\/IMG-20230409-WA0007-1-300x225.jpg 300w, http:\/\/xn--rhner-auszeit-jmb.de\/wp-content\/uploads\/2025\/05\/IMG-20230409-WA0007-1-768x576.jpg 768w, http:\/\/xn--rhner-auszeit-jmb.de\/wp-content\/uploads\/2025\/05\/IMG-20230409-WA0007-1-1536x1152.jpg 1536w, http:\/\/xn--rhner-auszeit-jmb.de\/wp-content\/uploads\/2025\/05\/IMG-20230409-WA0007-1.jpg 2048w\" sizes=\"(max-width: 1024px) 100vw, 1024px\" \/><\/figure>\n<\/figure>\n\n\n\n<figure class=\"is-layout-flex wp-block-gallery-3 wp-block-gallery has-nested-images columns-default is-cropped\">\n<figure class=\"wp-block-image\"><img decoding=\"async\" loading=\"lazy\" width=\"1024\" height=\"1024\" data-id=\"576\"  src=\"https:\/\/xn--rhner-auszeit-jmb.de\/wp-content\/uploads\/2021\/03\/37060390_1068924463248348_3627268007966801920_o-1024x1024.jpg\" alt=\"\" class=\"wp-image-576\" srcset=\"http:\/\/xn--rhner-auszeit-jmb.de\/wp-content\/uploads\/2021\/03\/37060390_1068924463248348_3627268007966801920_o-1024x1024.jpg 1024w, http:\/\/xn--rhner-auszeit-jmb.de\/wp-content\/uploads\/2021\/03\/37060390_1068924463248348_3627268007966801920_o-150x150.jpg 150w, http:\/\/xn--rhner-auszeit-jmb.de\/wp-content\/uploads\/2021\/03\/37060390_1068924463248348_3627268007966801920_o-300x300.jpg 300w, http:\/\/xn--rhner-auszeit-jmb.de\/wp-content\/uploads\/2021\/03\/37060390_1068924463248348_3627268007966801920_o-768x768.jpg 768w, http:\/\/xn--rhner-auszeit-jmb.de\/wp-content\/uploads\/2021\/03\/37060390_1068924463248348_3627268007966801920_o-270x270.jpg 270w, http:\/\/xn--rhner-auszeit-jmb.de\/wp-content\/uploads\/2021\/03\/37060390_1068924463248348_3627268007966801920_o-230x230.jpg 230w, http:\/\/xn--rhner-auszeit-jmb.de\/wp-content\/uploads\/2021\/03\/37060390_1068924463248348_3627268007966801920_o.jpg 1080w\" sizes=\"(max-width: 1024px) 100vw, 1024px\" \/><\/figure>\n\n\n\n<figure class=\"wp-block-image size-large\"><img decoding=\"async\" loading=\"lazy\" width=\"768\" height=\"1024\" data-id=\"667\"  src=\"https:\/\/xn--rhner-auszeit-jmb.de\/wp-content\/uploads\/2025\/05\/IMG-20241108-WA0003-768x1024.jpg\" alt=\"\" class=\"wp-image-667\" srcset=\"http:\/\/xn--rhner-auszeit-jmb.de\/wp-content\/uploads\/2025\/05\/IMG-20241108-WA0003-768x1024.jpg 768w, http:\/\/xn--rhner-auszeit-jmb.de\/wp-content\/uploads\/2025\/05\/IMG-20241108-WA0003-225x300.jpg 225w, http:\/\/xn--rhner-auszeit-jmb.de\/wp-content\/uploads\/2025\/05\/IMG-20241108-WA0003-1152x1536.jpg 1152w, http:\/\/xn--rhner-auszeit-jmb.de\/wp-content\/uploads\/2025\/05\/IMG-20241108-WA0003.jpg 1512w\" sizes=\"(max-width: 768px) 100vw, 768px\" \/><\/figure>\n\n\n\n<figure class=\"wp-block-image\"><img decoding=\"async\" loading=\"lazy\" width=\"768\" height=\"1024\" data-id=\"578\"  src=\"https:\/\/xn--rhner-auszeit-jmb.de\/wp-content\/uploads\/2021\/03\/95387510_1608248889315900_5243595116349751296_o-768x1024.jpg\" alt=\"\" class=\"wp-image-578\" srcset=\"http:\/\/xn--rhner-auszeit-jmb.de\/wp-content\/uploads\/2021\/03\/95387510_1608248889315900_5243595116349751296_o-768x1024.jpg 768w, http:\/\/xn--rhner-auszeit-jmb.de\/wp-content\/uploads\/2021\/03\/95387510_1608248889315900_5243595116349751296_o-225x300.jpg 225w, http:\/\/xn--rhner-auszeit-jmb.de\/wp-content\/uploads\/2021\/03\/95387510_1608248889315900_5243595116349751296_o.jpg 1536w\" sizes=\"(max-width: 768px) 100vw, 768px\" \/><\/figure>\n\n\n\n<figure class=\"wp-block-image\"><img decoding=\"async\" loading=\"lazy\" width=\"768\" height=\"1024\" data-id=\"579\"  src=\"https:\/\/xn--rhner-auszeit-jmb.de\/wp-content\/uploads\/2021\/03\/95492089_1608249172649205_2671397433941950464_o-768x1024.jpg\" alt=\"\" class=\"wp-image-579\" srcset=\"http:\/\/xn--rhner-auszeit-jmb.de\/wp-content\/uploads\/2021\/03\/95492089_1608249172649205_2671397433941950464_o-768x1024.jpg 768w, http:\/\/xn--rhner-auszeit-jmb.de\/wp-content\/uploads\/2021\/03\/95492089_1608249172649205_2671397433941950464_o-225x300.jpg 225w, http:\/\/xn--rhner-auszeit-jmb.de\/wp-content\/uploads\/2021\/03\/95492089_1608249172649205_2671397433941950464_o.jpg 1536w\" sizes=\"(max-width: 768px) 100vw, 768px\" \/><\/figure>\n\n\n\n<figure class=\"wp-block-image size-large\"><img decoding=\"async\" loading=\"lazy\" width=\"1024\" height=\"683\" data-id=\"666\"  src=\"https:\/\/xn--rhner-auszeit-jmb.de\/wp-content\/uploads\/2025\/05\/IMG-20230912-WA0017-1024x683.jpg\" alt=\"\" class=\"wp-image-666\" srcset=\"http:\/\/xn--rhner-auszeit-jmb.de\/wp-content\/uploads\/2025\/05\/IMG-20230912-WA0017-1024x683.jpg 1024w, http:\/\/xn--rhner-auszeit-jmb.de\/wp-content\/uploads\/2025\/05\/IMG-20230912-WA0017-300x200.jpg 300w, http:\/\/xn--rhner-auszeit-jmb.de\/wp-content\/uploads\/2025\/05\/IMG-20230912-WA0017-768x512.jpg 768w, http:\/\/xn--rhner-auszeit-jmb.de\/wp-content\/uploads\/2025\/05\/IMG-20230912-WA0017-1536x1024.jpg 1536w, http:\/\/xn--rhner-auszeit-jmb.de\/wp-content\/uploads\/2025\/05\/IMG-20230912-WA0017.jpg 2048w\" sizes=\"(max-width: 1024px) 100vw, 1024px\" \/><\/figure>\n\n\n\n<figure class=\"wp-block-image\"><img decoding=\"async\" loading=\"lazy\" width=\"768\" height=\"1024\" data-id=\"581\"  src=\"https:\/\/xn--rhner-auszeit-jmb.de\/wp-content\/uploads\/2021\/03\/116791233_1688247791316009_5628312850552891173_o-768x1024.jpg\" alt=\"\" class=\"wp-image-581\" srcset=\"http:\/\/xn--rhner-auszeit-jmb.de\/wp-content\/uploads\/2021\/03\/116791233_1688247791316009_5628312850552891173_o-768x1024.jpg 768w, http:\/\/xn--rhner-auszeit-jmb.de\/wp-content\/uploads\/2021\/03\/116791233_1688247791316009_5628312850552891173_o-225x300.jpg 225w, http:\/\/xn--rhner-auszeit-jmb.de\/wp-content\/uploads\/2021\/03\/116791233_1688247791316009_5628312850552891173_o.jpg 1536w\" sizes=\"(max-width: 768px) 100vw, 768px\" \/><\/figure>\n\n\n\n<figure class=\"wp-block-image\"><img decoding=\"async\" loading=\"lazy\" width=\"1024\" height=\"1024\" data-id=\"582\"  src=\"https:\/\/xn--rhner-auszeit-jmb.de\/wp-content\/uploads\/2021\/03\/116794119_1688248871315901_4311760469453820541_o-1024x1024.jpg\" alt=\"\" class=\"wp-image-582\" srcset=\"http:\/\/xn--rhner-auszeit-jmb.de\/wp-content\/uploads\/2021\/03\/116794119_1688248871315901_4311760469453820541_o-1024x1024.jpg 1024w, http:\/\/xn--rhner-auszeit-jmb.de\/wp-content\/uploads\/2021\/03\/116794119_1688248871315901_4311760469453820541_o-150x150.jpg 150w, http:\/\/xn--rhner-auszeit-jmb.de\/wp-content\/uploads\/2021\/03\/116794119_1688248871315901_4311760469453820541_o-300x300.jpg 300w, http:\/\/xn--rhner-auszeit-jmb.de\/wp-content\/uploads\/2021\/03\/116794119_1688248871315901_4311760469453820541_o-768x768.jpg 768w, http:\/\/xn--rhner-auszeit-jmb.de\/wp-content\/uploads\/2021\/03\/116794119_1688248871315901_4311760469453820541_o-270x270.jpg 270w, http:\/\/xn--rhner-auszeit-jmb.de\/wp-content\/uploads\/2021\/03\/116794119_1688248871315901_4311760469453820541_o-230x230.jpg 230w, http:\/\/xn--rhner-auszeit-jmb.de\/wp-content\/uploads\/2021\/03\/116794119_1688248871315901_4311760469453820541_o.jpg 1080w\" sizes=\"(max-width: 1024px) 100vw, 1024px\" \/><\/figure>\n\n\n\n<figure class=\"wp-block-image\"><img decoding=\"async\" loading=\"lazy\" width=\"1024\" height=\"1024\" data-id=\"583\"  src=\"https:\/\/xn--rhner-auszeit-jmb.de\/wp-content\/uploads\/2021\/03\/116796632_1688248797982575_2025644021453337973_o-1024x1024.jpg\" alt=\"\" class=\"wp-image-583\" srcset=\"http:\/\/xn--rhner-auszeit-jmb.de\/wp-content\/uploads\/2021\/03\/116796632_1688248797982575_2025644021453337973_o-1024x1024.jpg 1024w, http:\/\/xn--rhner-auszeit-jmb.de\/wp-content\/uploads\/2021\/03\/116796632_1688248797982575_2025644021453337973_o-150x150.jpg 150w, http:\/\/xn--rhner-auszeit-jmb.de\/wp-content\/uploads\/2021\/03\/116796632_1688248797982575_2025644021453337973_o-300x300.jpg 300w, http:\/\/xn--rhner-auszeit-jmb.de\/wp-content\/uploads\/2021\/03\/116796632_1688248797982575_2025644021453337973_o-768x768.jpg 768w, http:\/\/xn--rhner-auszeit-jmb.de\/wp-content\/uploads\/2021\/03\/116796632_1688248797982575_2025644021453337973_o-270x270.jpg 270w, http:\/\/xn--rhner-auszeit-jmb.de\/wp-content\/uploads\/2021\/03\/116796632_1688248797982575_2025644021453337973_o-230x230.jpg 230w, http:\/\/xn--rhner-auszeit-jmb.de\/wp-content\/uploads\/2021\/03\/116796632_1688248797982575_2025644021453337973_o.jpg 1080w\" sizes=\"(max-width: 1024px) 100vw, 1024px\" \/><\/figure>\n\n\n\n<figure class=\"wp-block-image size-large\"><img decoding=\"async\" loading=\"lazy\" width=\"1024\" height=\"683\" data-id=\"672\"  src=\"https:\/\/xn--rhner-auszeit-jmb.de\/wp-content\/uploads\/2025\/05\/IMG-20230912-WA0007-1024x683.jpg\" alt=\"\" class=\"wp-image-672\" srcset=\"http:\/\/xn--rhner-auszeit-jmb.de\/wp-content\/uploads\/2025\/05\/IMG-20230912-WA0007-1024x683.jpg 1024w, http:\/\/xn--rhner-auszeit-jmb.de\/wp-content\/uploads\/2025\/05\/IMG-20230912-WA0007-300x200.jpg 300w, http:\/\/xn--rhner-auszeit-jmb.de\/wp-content\/uploads\/2025\/05\/IMG-20230912-WA0007-768x512.jpg 768w, http:\/\/xn--rhner-auszeit-jmb.de\/wp-content\/uploads\/2025\/05\/IMG-20230912-WA0007-1536x1024.jpg 1536w, http:\/\/xn--rhner-auszeit-jmb.de\/wp-content\/uploads\/2025\/05\/IMG-20230912-WA0007.jpg 2048w\" sizes=\"(max-width: 1024px) 100vw, 1024px\" \/><\/figure>\n\n\n\n<figure class=\"wp-block-image\"><img decoding=\"async\" loading=\"lazy\" width=\"768\" height=\"1024\" data-id=\"585\"  src=\"https:\/\/xn--rhner-auszeit-jmb.de\/wp-content\/uploads\/2021\/03\/125236194_1782993481841439_1651010090276729756_o-768x1024.jpg\" alt=\"\" class=\"wp-image-585\" srcset=\"http:\/\/xn--rhner-auszeit-jmb.de\/wp-content\/uploads\/2021\/03\/125236194_1782993481841439_1651010090276729756_o-768x1024.jpg 768w, http:\/\/xn--rhner-auszeit-jmb.de\/wp-content\/uploads\/2021\/03\/125236194_1782993481841439_1651010090276729756_o-225x300.jpg 225w, http:\/\/xn--rhner-auszeit-jmb.de\/wp-content\/uploads\/2021\/03\/125236194_1782993481841439_1651010090276729756_o.jpg 1536w\" sizes=\"(max-width: 768px) 100vw, 768px\" \/><\/figure>\n\n\n\n<figure class=\"wp-block-image size-large\"><img decoding=\"async\" loading=\"lazy\" width=\"683\" height=\"1024\" data-id=\"671\"  src=\"https:\/\/xn--rhner-auszeit-jmb.de\/wp-content\/uploads\/2025\/05\/IMG-20230912-WA0027-683x1024.jpg\" alt=\"\" class=\"wp-image-671\" srcset=\"http:\/\/xn--rhner-auszeit-jmb.de\/wp-content\/uploads\/2025\/05\/IMG-20230912-WA0027-683x1024.jpg 683w, http:\/\/xn--rhner-auszeit-jmb.de\/wp-content\/uploads\/2025\/05\/IMG-20230912-WA0027-200x300.jpg 200w, http:\/\/xn--rhner-auszeit-jmb.de\/wp-content\/uploads\/2025\/05\/IMG-20230912-WA0027-768x1152.jpg 768w, http:\/\/xn--rhner-auszeit-jmb.de\/wp-content\/uploads\/2025\/05\/IMG-20230912-WA0027-1024x1536.jpg 1024w, http:\/\/xn--rhner-auszeit-jmb.de\/wp-content\/uploads\/2025\/05\/IMG-20230912-WA0027.jpg 1365w\" sizes=\"(max-width: 683px) 100vw, 683px\" \/><\/figure>\n\n\n\n<figure class=\"wp-block-image\"><img decoding=\"async\" loading=\"lazy\" width=\"768\" height=\"1024\" data-id=\"587\"  src=\"https:\/\/xn--rhner-auszeit-jmb.de\/wp-content\/uploads\/2021\/03\/125424209_1782993598508094_7200758593696221115_o-768x1024.jpg\" alt=\"\" class=\"wp-image-587\" srcset=\"http:\/\/xn--rhner-auszeit-jmb.de\/wp-content\/uploads\/2021\/03\/125424209_1782993598508094_7200758593696221115_o-768x1024.jpg 768w, http:\/\/xn--rhner-auszeit-jmb.de\/wp-content\/uploads\/2021\/03\/125424209_1782993598508094_7200758593696221115_o-225x300.jpg 225w, http:\/\/xn--rhner-auszeit-jmb.de\/wp-content\/uploads\/2021\/03\/125424209_1782993598508094_7200758593696221115_o.jpg 1536w\" sizes=\"(max-width: 768px) 100vw, 768px\" \/><\/figure>\n\n\n\n<figure class=\"wp-block-image\"><img decoding=\"async\" loading=\"lazy\" width=\"1024\" height=\"768\" data-id=\"611\"  src=\"https:\/\/xn--rhner-auszeit-jmb.de\/wp-content\/uploads\/2021\/03\/20180908_130039-1024x768.jpg\" alt=\"\" class=\"wp-image-611\" srcset=\"http:\/\/xn--rhner-auszeit-jmb.de\/wp-content\/uploads\/2021\/03\/20180908_130039-1024x768.jpg 1024w, http:\/\/xn--rhner-auszeit-jmb.de\/wp-content\/uploads\/2021\/03\/20180908_130039-300x225.jpg 300w, http:\/\/xn--rhner-auszeit-jmb.de\/wp-content\/uploads\/2021\/03\/20180908_130039-768x576.jpg 768w\" sizes=\"(max-width: 1024px) 100vw, 1024px\" \/><\/figure>\n\n\n\n<figure class=\"wp-block-image size-large\"><img decoding=\"async\" loading=\"lazy\" width=\"768\" height=\"1024\" data-id=\"668\"  src=\"https:\/\/xn--rhner-auszeit-jmb.de\/wp-content\/uploads\/2025\/05\/20240803_083821-768x1024.jpg\" alt=\"\" class=\"wp-image-668\" srcset=\"http:\/\/xn--rhner-auszeit-jmb.de\/wp-content\/uploads\/2025\/05\/20240803_083821-768x1024.jpg 768w, http:\/\/xn--rhner-auszeit-jmb.de\/wp-content\/uploads\/2025\/05\/20240803_083821-225x300.jpg 225w, http:\/\/xn--rhner-auszeit-jmb.de\/wp-content\/uploads\/2025\/05\/20240803_083821-1152x1536.jpg 1152w, http:\/\/xn--rhner-auszeit-jmb.de\/wp-content\/uploads\/2025\/05\/20240803_083821-1536x2048.jpg 1536w, http:\/\/xn--rhner-auszeit-jmb.de\/wp-content\/uploads\/2025\/05\/20240803_083821-scaled.jpg 1920w\" sizes=\"(max-width: 768px) 100vw, 768px\" \/><\/figure>\n\n\n\n<figure class=\"wp-block-image\"><img decoding=\"async\" loading=\"lazy\" width=\"1024\" height=\"768\" data-id=\"613\"  src=\"https:\/\/xn--rhner-auszeit-jmb.de\/wp-content\/uploads\/2021\/03\/20181117_202434-1024x768.jpg\" alt=\"\" class=\"wp-image-613\" srcset=\"http:\/\/xn--rhner-auszeit-jmb.de\/wp-content\/uploads\/2021\/03\/20181117_202434-1024x768.jpg 1024w, http:\/\/xn--rhner-auszeit-jmb.de\/wp-content\/uploads\/2021\/03\/20181117_202434-300x225.jpg 300w, http:\/\/xn--rhner-auszeit-jmb.de\/wp-content\/uploads\/2021\/03\/20181117_202434-768x576.jpg 768w\" sizes=\"(max-width: 1024px) 100vw, 1024px\" \/><\/figure>\n\n\n\n<figure class=\"wp-block-image size-large\"><img decoding=\"async\" loading=\"lazy\" width=\"1024\" height=\"683\" data-id=\"673\"  src=\"https:\/\/xn--rhner-auszeit-jmb.de\/wp-content\/uploads\/2025\/05\/IMG-20230912-WA0030-1024x683.jpg\" alt=\"\" class=\"wp-image-673\" srcset=\"http:\/\/xn--rhner-auszeit-jmb.de\/wp-content\/uploads\/2025\/05\/IMG-20230912-WA0030-1024x683.jpg 1024w, http:\/\/xn--rhner-auszeit-jmb.de\/wp-content\/uploads\/2025\/05\/IMG-20230912-WA0030-300x200.jpg 300w, http:\/\/xn--rhner-auszeit-jmb.de\/wp-content\/uploads\/2025\/05\/IMG-20230912-WA0030-768x512.jpg 768w, http:\/\/xn--rhner-auszeit-jmb.de\/wp-content\/uploads\/2025\/05\/IMG-20230912-WA0030-1536x1024.jpg 1536w, http:\/\/xn--rhner-auszeit-jmb.de\/wp-content\/uploads\/2025\/05\/IMG-20230912-WA0030.jpg 2048w\" sizes=\"(max-width: 1024px) 100vw, 1024px\" \/><\/figure>\n\n\n\n<figure class=\"wp-block-image\"><img decoding=\"async\" loading=\"lazy\" width=\"768\" height=\"1024\" data-id=\"615\"  src=\"https:\/\/xn--rhner-auszeit-jmb.de\/wp-content\/uploads\/2021\/03\/20200301_083000-768x1024.jpg\" alt=\"\" class=\"wp-image-615\" srcset=\"http:\/\/xn--rhner-auszeit-jmb.de\/wp-content\/uploads\/2021\/03\/20200301_083000-768x1024.jpg 768w, http:\/\/xn--rhner-auszeit-jmb.de\/wp-content\/uploads\/2021\/03\/20200301_083000-225x300.jpg 225w\" sizes=\"(max-width: 768px) 100vw, 768px\" \/><\/figure>\n\n\n\n<figure class=\"wp-block-image\"><img decoding=\"async\" loading=\"lazy\" width=\"1024\" height=\"768\" data-id=\"616\"  src=\"https:\/\/xn--rhner-auszeit-jmb.de\/wp-content\/uploads\/2021\/03\/20200307_150829-1-1024x768.jpg\" alt=\"\" class=\"wp-image-616\" srcset=\"http:\/\/xn--rhner-auszeit-jmb.de\/wp-content\/uploads\/2021\/03\/20200307_150829-1-1024x768.jpg 1024w, http:\/\/xn--rhner-auszeit-jmb.de\/wp-content\/uploads\/2021\/03\/20200307_150829-1-300x225.jpg 300w, http:\/\/xn--rhner-auszeit-jmb.de\/wp-content\/uploads\/2021\/03\/20200307_150829-1-768x576.jpg 768w\" sizes=\"(max-width: 1024px) 100vw, 1024px\" \/><\/figure>\n\n\n\n<figure class=\"wp-block-image\"><img decoding=\"async\" loading=\"lazy\" width=\"1024\" height=\"768\" data-id=\"617\"  src=\"https:\/\/xn--rhner-auszeit-jmb.de\/wp-content\/uploads\/2021\/03\/IMG-20190825-WA0003-1024x768.jpg\" alt=\"\" class=\"wp-image-617\" srcset=\"http:\/\/xn--rhner-auszeit-jmb.de\/wp-content\/uploads\/2021\/03\/IMG-20190825-WA0003-1024x768.jpg 1024w, http:\/\/xn--rhner-auszeit-jmb.de\/wp-content\/uploads\/2021\/03\/IMG-20190825-WA0003-300x225.jpg 300w, http:\/\/xn--rhner-auszeit-jmb.de\/wp-content\/uploads\/2021\/03\/IMG-20190825-WA0003-768x576.jpg 768w, http:\/\/xn--rhner-auszeit-jmb.de\/wp-content\/uploads\/2021\/03\/IMG-20190825-WA0003.jpg 1600w\" sizes=\"(max-width: 1024px) 100vw, 1024px\" \/><\/figure>\n\n\n\n<figure class=\"wp-block-image\"><img decoding=\"async\" loading=\"lazy\" width=\"1024\" height=\"683\" data-id=\"618\"  src=\"https:\/\/xn--rhner-auszeit-jmb.de\/wp-content\/uploads\/2021\/03\/Mandy-Enrico-570-1024x683.jpg\" alt=\"\" class=\"wp-image-618\" srcset=\"http:\/\/xn--rhner-auszeit-jmb.de\/wp-content\/uploads\/2021\/03\/Mandy-Enrico-570-1024x683.jpg 1024w, http:\/\/xn--rhner-auszeit-jmb.de\/wp-content\/uploads\/2021\/03\/Mandy-Enrico-570-300x200.jpg 300w, http:\/\/xn--rhner-auszeit-jmb.de\/wp-content\/uploads\/2021\/03\/Mandy-Enrico-570-768x512.jpg 768w\" sizes=\"(max-width: 1024px) 100vw, 1024px\" \/><\/figure>\n\n\n\n<figure class=\"wp-block-image\"><img decoding=\"async\" loading=\"lazy\" width=\"768\" height=\"1024\" data-id=\"626\"  src=\"https:\/\/xn--rhner-auszeit-jmb.de\/wp-content\/uploads\/2021\/03\/IMG-20190825-WA0007-1-768x1024.jpg\" alt=\"\" class=\"wp-image-626\" srcset=\"http:\/\/xn--rhner-auszeit-jmb.de\/wp-content\/uploads\/2021\/03\/IMG-20190825-WA0007-1-768x1024.jpg 768w, http:\/\/xn--rhner-auszeit-jmb.de\/wp-content\/uploads\/2021\/03\/IMG-20190825-WA0007-1-225x300.jpg 225w, http:\/\/xn--rhner-auszeit-jmb.de\/wp-content\/uploads\/2021\/03\/IMG-20190825-WA0007-1.jpg 1200w\" sizes=\"(max-width: 768px) 100vw, 768px\" \/><\/figure>\n<\/figure>\n\n\n","protected":false},"excerpt":{"rendered":"<p>Catering nach Ihren W\u00fcnschen Tino&#8217;s Cater Rh\u00f6n \u2013 Genuss, der verbindet Ob Familienfeier, Firmen-Event oder Hochzeit \u2013 Tino&#8217;s Cater Rh\u00f6n bringt kulinarische Leidenschaft direkt zu Ihnen! Mit regionalen Zutaten, kreativen Ideen und einem Herz f\u00fcr Gastfreundschaft sorgen wir daf\u00fcr, dass<\/p>\n","protected":false},"author":1,"featured_media":0,"parent":0,"menu_order":0,"comment_status":"closed","ping_status":"closed","template":"","meta":{"ngg_post_thumbnail":0},"_links":{"self":[{"href":"http:\/\/xn--rhner-auszeit-jmb.de\/index.php?rest_route=\/wp\/v2\/pages\/573"}],"collection":[{"href":"http:\/\/xn--rhner-auszeit-jmb.de\/index.php?rest_route=\/wp\/v2\/pages"}],"about":[{"href":"http:\/\/xn--rhner-auszeit-jmb.de\/index.php?rest_route=\/wp\/v2\/types\/page"}],"author":[{"embeddable":true,"href":"http:\/\/xn--rhner-auszeit-jmb.de\/index.php?rest_route=\/wp\/v2\/users\/1"}],"replies":[{"embeddable":true,"href":"http:\/\/xn--rhner-auszeit-jmb.de\/index.php?rest_route=%2Fwp%2Fv2%2Fcomments&post=573"}],"version-history":[{"count":10,"href":"http:\/\/xn--rhner-auszeit-jmb.de\/index.php?rest_route=\/wp\/v2\/pages\/573\/revisions"}],"predecessor-version":[{"id":680,"href":"http:\/\/xn--rhner-auszeit-jmb.de\/index.php?rest_route=\/wp\/v2\/pages\/573\/revisions\/680"}],"wp:attachment":[{"href":"http:\/\/xn--rhner-auszeit-jmb.de\/index.php?rest_route=%2Fwp%2Fv2%2Fmedia&parent=573"}],"curies":[{"name":"wp","href":"https:\/\/api.w.org\/{rel}","templated":true}]}}