{"id":285,"date":"2019-01-04T20:47:11","date_gmt":"2019-01-04T20:47:11","guid":{"rendered":"http:\/\/xn--rhner-auszeit-jmb.de\/?page_id=285"},"modified":"2019-01-04T20:47:12","modified_gmt":"2019-01-04T20:47:12","slug":"rhoenbrauerei-dittmar","status":"publish","type":"page","link":"http:\/\/xn--rhner-auszeit-jmb.de\/?page_id=285","title":{"rendered":"Rh\u00f6nbrauerei Dittmar"},"content":{"rendered":"\n<p>Das Bierbrauen hat in der Rh\u00f6n eine lange Tradition, die bis ins 16. Jahrhundert zur\u00fcckreicht. Fr\u00fcher war es Sitte, da\u00df auch die Kaltennordheimer ihr Bier im Gemeindebrauhaus selbst brauen konnten. Mit dem Verkauf des Gemeindebrauhauses im Jahre 1875 an die \u201cL\u00f6wen\u201d &#8211; Wirtin Margarete Marschall und an den Gastwirt und Metzger Friedrich Christian Dittmar, der \u201cHannse Fried\u201d genannt, erhielten diese auch das Braurecht. Friedrich Dittmar \u00fcbernahm den Betrieb 1888. Er begann mit dem Vertrieb des Bieres und machte das Rh\u00f6nbier weit \u00fcber die Grenzen des Ortes hinaus bekannt.<\/p>\n\n\n\n<figure class=\"wp-block-image\"><img decoding=\"async\" loading=\"lazy\" width=\"1024\" height=\"683\" src=\"http:\/\/xn--rhner-auszeit-jmb.de\/wp-content\/uploads\/2019\/01\/rhoenbrauerei-dittmar-chefin-und-braumeister-1024x683.jpg\" alt=\"\" class=\"wp-image-286\" srcset=\"http:\/\/xn--rhner-auszeit-jmb.de\/wp-content\/uploads\/2019\/01\/rhoenbrauerei-dittmar-chefin-und-braumeister-1024x683.jpg 1024w, http:\/\/xn--rhner-auszeit-jmb.de\/wp-content\/uploads\/2019\/01\/rhoenbrauerei-dittmar-chefin-und-braumeister-300x200.jpg 300w, http:\/\/xn--rhner-auszeit-jmb.de\/wp-content\/uploads\/2019\/01\/rhoenbrauerei-dittmar-chefin-und-braumeister-768x512.jpg 768w, http:\/\/xn--rhner-auszeit-jmb.de\/wp-content\/uploads\/2019\/01\/rhoenbrauerei-dittmar-chefin-und-braumeister.jpg 1200w\" sizes=\"(max-width: 1024px) 100vw, 1024px\" \/><\/figure>\n\n\n\n<p>Die Brauerei und die Bier-Produktion k\u00f6nnen Montag-Samstag, nach Anmeldung, besichtigt werden.<\/p>\n\n\n\n<figure class=\"wp-block-image\"><img decoding=\"async\" loading=\"lazy\" width=\"631\" height=\"491\" src=\"http:\/\/xn--rhner-auszeit-jmb.de\/wp-content\/uploads\/2019\/01\/Bier_Rhoen.jpg\" alt=\"\" class=\"wp-image-287\" srcset=\"http:\/\/xn--rhner-auszeit-jmb.de\/wp-content\/uploads\/2019\/01\/Bier_Rhoen.jpg 631w, http:\/\/xn--rhner-auszeit-jmb.de\/wp-content\/uploads\/2019\/01\/Bier_Rhoen-300x233.jpg 300w\" sizes=\"(max-width: 631px) 100vw, 631px\" \/><\/figure>\n\n\n\n<p style=\"text-align:center\" class=\"has-medium-font-size\">Rh\u00f6nbrauerei Dittmar GmbH <br>Fuldaer Strasse 6 <br>36452 Kaltennordheim <br>Tel.: 036966 \/ 8349-0 <br>E-Mail: info@rhoenbrauerei.de  <br><br><a href=\"http:\/\/www.rhoenbrauerei.de\" target=\"_blank\" rel=\"noreferrer noopener\" aria-label=\"www.rhoenbrauerei.de (\u00f6ffnet in neuem Tab)\">www.rhoenbrauerei.de<\/a> <\/p>\n","protected":false},"excerpt":{"rendered":"<p>Das Bierbrauen hat in der Rh\u00f6n eine lange Tradition, die bis ins 16. Jahrhundert zur\u00fcckreicht. Fr\u00fcher war es Sitte, da\u00df auch die Kaltennordheimer ihr Bier im Gemeindebrauhaus selbst brauen konnten. Mit dem Verkauf des Gemeindebrauhauses im Jahre 1875 an die<\/p>\n","protected":false},"author":1,"featured_media":0,"parent":0,"menu_order":0,"comment_status":"closed","ping_status":"closed","template":"","meta":{"ngg_post_thumbnail":0},"_links":{"self":[{"href":"http:\/\/xn--rhner-auszeit-jmb.de\/index.php?rest_route=\/wp\/v2\/pages\/285"}],"collection":[{"href":"http:\/\/xn--rhner-auszeit-jmb.de\/index.php?rest_route=\/wp\/v2\/pages"}],"about":[{"href":"http:\/\/xn--rhner-auszeit-jmb.de\/index.php?rest_route=\/wp\/v2\/types\/page"}],"author":[{"embeddable":true,"href":"http:\/\/xn--rhner-auszeit-jmb.de\/index.php?rest_route=\/wp\/v2\/users\/1"}],"replies":[{"embeddable":true,"href":"http:\/\/xn--rhner-auszeit-jmb.de\/index.php?rest_route=%2Fwp%2Fv2%2Fcomments&post=285"}],"version-history":[{"count":1,"href":"http:\/\/xn--rhner-auszeit-jmb.de\/index.php?rest_route=\/wp\/v2\/pages\/285\/revisions"}],"predecessor-version":[{"id":289,"href":"http:\/\/xn--rhner-auszeit-jmb.de\/index.php?rest_route=\/wp\/v2\/pages\/285\/revisions\/289"}],"wp:attachment":[{"href":"http:\/\/xn--rhner-auszeit-jmb.de\/index.php?rest_route=%2Fwp%2Fv2%2Fmedia&parent=285"}],"curies":[{"name":"wp","href":"https:\/\/api.w.org\/{rel}","templated":true}]}}