{"id":264,"date":"2019-01-04T20:21:08","date_gmt":"2019-01-04T20:21:08","guid":{"rendered":"http:\/\/xn--rhner-auszeit-jmb.de\/?page_id=264"},"modified":"2019-01-04T21:35:34","modified_gmt":"2019-01-04T21:35:34","slug":"entdeckerpfad-hohe-rhoen","status":"publish","type":"page","link":"http:\/\/xn--rhner-auszeit-jmb.de\/?page_id=264","title":{"rendered":"Entdeckerpfad Hohe Rh\u00f6n"},"content":{"rendered":"\n<p>Wandern, Natur genie\u00dfen sowie Spiel und Spa\u00df. Das alles bietet der &#8222;Entdeckerpfad Hohe-Rh\u00f6n&#8220;. Der 18 km lange Wanderweg ist die neue Attraktion im Gebiet der Verwaltungsgemeinschaft Hohe-Rh\u00f6n und f\u00fchrt von Unterweid bis Birx.<\/p>\n\n\n\n<figure class=\"wp-block-image\"><img decoding=\"async\" loading=\"lazy\" width=\"1024\" height=\"683\" src=\"http:\/\/xn--rhner-auszeit-jmb.de\/wp-content\/uploads\/2019\/01\/Entdeckerpfad_unterweid3_Kopie-1024x683.jpg\" alt=\"\" class=\"wp-image-24\" srcset=\"http:\/\/xn--rhner-auszeit-jmb.de\/wp-content\/uploads\/2019\/01\/Entdeckerpfad_unterweid3_Kopie-1024x683.jpg 1024w, http:\/\/xn--rhner-auszeit-jmb.de\/wp-content\/uploads\/2019\/01\/Entdeckerpfad_unterweid3_Kopie-300x200.jpg 300w, http:\/\/xn--rhner-auszeit-jmb.de\/wp-content\/uploads\/2019\/01\/Entdeckerpfad_unterweid3_Kopie-768x512.jpg 768w\" sizes=\"(max-width: 1024px) 100vw, 1024px\" \/><\/figure>\n\n\n\n<p>Der Entdeckerpfad setzt sich aus mehreren Teilstrecken mit verschiedenen spannenden Themen zusammen. Zudem sind verschiedene Rundtouren m\u00f6glich.<\/p>\n\n\n\n<figure class=\"wp-block-image\"><img decoding=\"async\" loading=\"lazy\" width=\"1024\" height=\"768\" src=\"http:\/\/xn--rhner-auszeit-jmb.de\/wp-content\/uploads\/2019\/01\/Entdeckerpfad_weidberg2_Kopie-1024x768.jpg\" alt=\"\" class=\"wp-image-265\" srcset=\"http:\/\/xn--rhner-auszeit-jmb.de\/wp-content\/uploads\/2019\/01\/Entdeckerpfad_weidberg2_Kopie-1024x768.jpg 1024w, http:\/\/xn--rhner-auszeit-jmb.de\/wp-content\/uploads\/2019\/01\/Entdeckerpfad_weidberg2_Kopie-300x225.jpg 300w, http:\/\/xn--rhner-auszeit-jmb.de\/wp-content\/uploads\/2019\/01\/Entdeckerpfad_weidberg2_Kopie-768x576.jpg 768w\" sizes=\"(max-width: 1024px) 100vw, 1024px\" \/><\/figure>\n\n\n\n<p>An den Stationen k\u00f6nnen Kinder zum Beispiel klettern wie Ameisen, sich wie ein Storch im Nest f\u00fchlen oder als Spinne umherkrabbeln. Die ganze Familie erf\u00e4hrt vieles \u00fcber die Themen &#8222;Rh\u00f6nwasser&#8220;, &#8222;Rh\u00f6nwald&#8220;, &#8222;Rh\u00f6ngeister&#8220; und &#8222;Rh\u00f6nergeschichten&#8220;.<\/p>\n\n\n\n<figure class=\"wp-block-image\"><img decoding=\"async\" loading=\"lazy\" width=\"1024\" height=\"854\" src=\"http:\/\/xn--rhner-auszeit-jmb.de\/wp-content\/uploads\/2019\/01\/Karte_Entdeckerpfad_xl-1024x854.jpg\" alt=\"\" class=\"wp-image-266\" srcset=\"http:\/\/xn--rhner-auszeit-jmb.de\/wp-content\/uploads\/2019\/01\/Karte_Entdeckerpfad_xl-1024x854.jpg 1024w, http:\/\/xn--rhner-auszeit-jmb.de\/wp-content\/uploads\/2019\/01\/Karte_Entdeckerpfad_xl-300x250.jpg 300w, http:\/\/xn--rhner-auszeit-jmb.de\/wp-content\/uploads\/2019\/01\/Karte_Entdeckerpfad_xl-768x640.jpg 768w, http:\/\/xn--rhner-auszeit-jmb.de\/wp-content\/uploads\/2019\/01\/Karte_Entdeckerpfad_xl.jpg 1946w\" sizes=\"(max-width: 1024px) 100vw, 1024px\" \/><figcaption><strong>K<\/strong><a aria-label=\"arte Entdeckerpfad Hohe Rh\u00f6n (\u00f6ffnet in neuem Tab)\" rel=\"noreferrer noopener\" href=\"http:\/\/xn--rhner-auszeit-jmb.de\/wp-content\/uploads\/2019\/01\/Karte_Entdeckerpfad_xl.jpg\" target=\"_blank\"><strong>arte Entdeckerpfad Hohe Rh\u00f6n<\/strong><\/a><\/figcaption><\/figure>\n\n\n\n<p style=\"text-align:center\" class=\"has-medium-font-size\"><a aria-label=\"Hier gibt\u00b4s weitere Infos und Karten zum Entdeckerpfad Hohe Rh\u00f6n. (\u00f6ffnet in neuem Tab)\" href=\"http:\/\/www.arche-rhoen.de\/index.php\/entdeckerpfad\/entdeckerpfad\" target=\"_blank\" rel=\"noreferrer noopener\">Hier gibt\u00b4s weitere Infos und Karten zum Entdeckerpfad Hohe Rh\u00f6n.<\/a><\/p>\n","protected":false},"excerpt":{"rendered":"<p>Wandern, Natur genie\u00dfen sowie Spiel und Spa\u00df. Das alles bietet der &#8222;Entdeckerpfad Hohe-Rh\u00f6n&#8220;. Der 18 km lange Wanderweg ist die neue Attraktion im Gebiet der Verwaltungsgemeinschaft Hohe-Rh\u00f6n und f\u00fchrt von Unterweid bis Birx. Der Entdeckerpfad setzt sich aus mehreren Teilstrecken<\/p>\n","protected":false},"author":1,"featured_media":0,"parent":0,"menu_order":0,"comment_status":"closed","ping_status":"closed","template":"","meta":{"ngg_post_thumbnail":0},"_links":{"self":[{"href":"http:\/\/xn--rhner-auszeit-jmb.de\/index.php?rest_route=\/wp\/v2\/pages\/264"}],"collection":[{"href":"http:\/\/xn--rhner-auszeit-jmb.de\/index.php?rest_route=\/wp\/v2\/pages"}],"about":[{"href":"http:\/\/xn--rhner-auszeit-jmb.de\/index.php?rest_route=\/wp\/v2\/types\/page"}],"author":[{"embeddable":true,"href":"http:\/\/xn--rhner-auszeit-jmb.de\/index.php?rest_route=\/wp\/v2\/users\/1"}],"replies":[{"embeddable":true,"href":"http:\/\/xn--rhner-auszeit-jmb.de\/index.php?rest_route=%2Fwp%2Fv2%2Fcomments&post=264"}],"version-history":[{"count":4,"href":"http:\/\/xn--rhner-auszeit-jmb.de\/index.php?rest_route=\/wp\/v2\/pages\/264\/revisions"}],"predecessor-version":[{"id":323,"href":"http:\/\/xn--rhner-auszeit-jmb.de\/index.php?rest_route=\/wp\/v2\/pages\/264\/revisions\/323"}],"wp:attachment":[{"href":"http:\/\/xn--rhner-auszeit-jmb.de\/index.php?rest_route=%2Fwp%2Fv2%2Fmedia&parent=264"}],"curies":[{"name":"wp","href":"https:\/\/api.w.org\/{rel}","templated":true}]}}