{"id":249,"date":"2019-01-04T20:05:34","date_gmt":"2019-01-04T20:05:34","guid":{"rendered":"http:\/\/xn--rhner-auszeit-jmb.de\/?page_id=249"},"modified":"2019-01-04T20:05:50","modified_gmt":"2019-01-04T20:05:50","slug":"erlebniswelt-rhoenwald-mit-arche-rhoen","status":"publish","type":"page","link":"http:\/\/xn--rhner-auszeit-jmb.de\/?page_id=249","title":{"rendered":"Erlebniswelt Rh\u00f6nwald mit Arche Rh\u00f6n"},"content":{"rendered":"\n<p>Hier erleben Sie Natur, Ruhe und einen herrlichen Ausblick vom Weidberg und der Neuen Attraktion &#8220; Arche-Rh\u00f6n &#8222;. Das Gel\u00e4nde wird mit immer neueren Attraktionen bebaut und Vorhandenes erneuert. Schon jetzt gibt es f\u00fcr die ganze Familie Spiel und Mitmachangebote und einiges zu erleben und zu entdecken.<\/p>\n\n\n\n<figure class=\"wp-block-image\"><img decoding=\"async\" loading=\"lazy\" width=\"1024\" height=\"768\" src=\"http:\/\/xn--rhner-auszeit-jmb.de\/wp-content\/uploads\/2019\/01\/Spielplatz_arche_3-1024x768.jpg\" alt=\"\" class=\"wp-image-250\" srcset=\"http:\/\/xn--rhner-auszeit-jmb.de\/wp-content\/uploads\/2019\/01\/Spielplatz_arche_3-1024x768.jpg 1024w, http:\/\/xn--rhner-auszeit-jmb.de\/wp-content\/uploads\/2019\/01\/Spielplatz_arche_3-300x225.jpg 300w, http:\/\/xn--rhner-auszeit-jmb.de\/wp-content\/uploads\/2019\/01\/Spielplatz_arche_3-768x576.jpg 768w\" sizes=\"(max-width: 1024px) 100vw, 1024px\" \/><\/figure>\n\n\n\n<p style=\"text-align:center\" class=\"has-medium-font-size\">Ein familienfreundliches, unterhaltsames und informatives Naturerlebnisangebot.<\/p>\n\n\n\n<p>Hier k\u00f6nnen Sie die idyllische Landschaft der Rh\u00f6n, das Land der offenen Fernen genie\u00dfen. Mit einem eindrucksvollen Panoramablick kann die Natur dieser Bilderbuchlandschaft im UNESCO-Biosph\u00e4renreservat Rh\u00f6n betrachtet werden.<\/p>\n\n\n\n<figure class=\"wp-block-image\"><img decoding=\"async\" loading=\"lazy\" width=\"1024\" height=\"768\" src=\"http:\/\/xn--rhner-auszeit-jmb.de\/wp-content\/uploads\/2019\/01\/weidbergbahn_arche_2-1024x768.jpg\" alt=\"\" class=\"wp-image-34\" srcset=\"http:\/\/xn--rhner-auszeit-jmb.de\/wp-content\/uploads\/2019\/01\/weidbergbahn_arche_2-1024x768.jpg 1024w, http:\/\/xn--rhner-auszeit-jmb.de\/wp-content\/uploads\/2019\/01\/weidbergbahn_arche_2-300x225.jpg 300w, http:\/\/xn--rhner-auszeit-jmb.de\/wp-content\/uploads\/2019\/01\/weidbergbahn_arche_2-768x576.jpg 768w\" sizes=\"(max-width: 1024px) 100vw, 1024px\" \/><\/figure>\n\n\n\n<p>Die &#8222;Arche Rh\u00f6n&#8220; ist eine Attraktion der &#8222;Erlebniswelt-Rh\u00f6nwald&#8220;. In der Ausstellung, des schiffsf\u00f6rmigen Bauwerks, soll spielerisch Wissen \u00fcber die Rh\u00f6n, regionales Handwerk und geologische Ph\u00e4nomene vermittelt werden.<\/p>\n\n\n\n<figure class=\"wp-block-image\"><img decoding=\"async\" loading=\"lazy\" width=\"1024\" height=\"768\" src=\"http:\/\/xn--rhner-auszeit-jmb.de\/wp-content\/uploads\/2019\/01\/Arche_innen2-1024x768.jpg\" alt=\"\" class=\"wp-image-251\" srcset=\"http:\/\/xn--rhner-auszeit-jmb.de\/wp-content\/uploads\/2019\/01\/Arche_innen2-1024x768.jpg 1024w, http:\/\/xn--rhner-auszeit-jmb.de\/wp-content\/uploads\/2019\/01\/Arche_innen2-300x225.jpg 300w, http:\/\/xn--rhner-auszeit-jmb.de\/wp-content\/uploads\/2019\/01\/Arche_innen2-768x576.jpg 768w\" sizes=\"(max-width: 1024px) 100vw, 1024px\" \/><\/figure>\n\n\n\n<p>Deutschlands 1. Kinder Sternenpark mit Sonnentafel und Sonnenteleskop. Weitere Angebote sind u.a. Naturerlebnisf\u00fchrungen, Themenwanderungen, Kindererlebnistage etc. Dazu k\u00f6nnen die Waldschule oder die B\u00fchne privat gebucht werden.<\/p>\n\n\n\n<figure class=\"wp-block-image\"><img decoding=\"async\" loading=\"lazy\" width=\"1024\" height=\"768\" src=\"http:\/\/xn--rhner-auszeit-jmb.de\/wp-content\/uploads\/2019\/01\/Sonnentafel_erlebniswelt-1024x768.jpg\" alt=\"\" class=\"wp-image-45\" srcset=\"http:\/\/xn--rhner-auszeit-jmb.de\/wp-content\/uploads\/2019\/01\/Sonnentafel_erlebniswelt-1024x768.jpg 1024w, http:\/\/xn--rhner-auszeit-jmb.de\/wp-content\/uploads\/2019\/01\/Sonnentafel_erlebniswelt-300x225.jpg 300w, http:\/\/xn--rhner-auszeit-jmb.de\/wp-content\/uploads\/2019\/01\/Sonnentafel_erlebniswelt-768x576.jpg 768w\" sizes=\"(max-width: 1024px) 100vw, 1024px\" \/><\/figure>\n\n\n\n<p>Der Imbiss &#8220; <a aria-label=\"zum kleinen Wetzstein  (\u00f6ffnet in neuem Tab)\" rel=\"noreferrer noopener\" href=\"https:\/\/www.zumwetzstein.de\/der-kleine-wetzstein\" target=\"_blank\"><strong>zum kleinen Wetzstein <\/strong><\/a>&#8220; befindet sich auf dem Gel\u00e4nde der Erlebniswelt Rh\u00f6nwald und Arche Rh\u00f6n. In gewohnter Servicequalit\u00e4t finden Sie dort ein breites Angebot an Speisen, Snacks und Getr\u00e4nken. Selbstgebackener Rh\u00f6ner Kuchen und Kaffee in verschiedenen Variationen. Oder ein Eis aus der Eismanufaktur Pfaff aus Dermbach\/Rh\u00f6n. F\u00fcr den kleinen oder gro\u00dfen Hunger werden verschiedene wechselnde Angebote wie Schnitzel-br\u00f6tchen, die Weidberg Bratwurst und vieles mehr angeboten.<\/p>\n\n\n\n<figure class=\"wp-block-image\"><img decoding=\"async\" loading=\"lazy\" width=\"664\" height=\"498\" src=\"http:\/\/xn--rhner-auszeit-jmb.de\/wp-content\/uploads\/2019\/01\/kleiner_wetzstein_erlebniswelt_rhoenwald.jpg\" alt=\"\" class=\"wp-image-252\" srcset=\"http:\/\/xn--rhner-auszeit-jmb.de\/wp-content\/uploads\/2019\/01\/kleiner_wetzstein_erlebniswelt_rhoenwald.jpg 664w, http:\/\/xn--rhner-auszeit-jmb.de\/wp-content\/uploads\/2019\/01\/kleiner_wetzstein_erlebniswelt_rhoenwald-300x225.jpg 300w\" sizes=\"(max-width: 664px) 100vw, 664px\" \/><\/figure>\n\n\n\n<p style=\"text-align:center\" class=\"has-medium-font-size\">Weitere Infos zur Erlebniswelt Rh\u00f6nwald und Arche Rh\u00f6n unter <a aria-label=\"www.arche-rh\u00f6n.de (\u00f6ffnet in neuem Tab)\" rel=\"noreferrer noopener\" href=\"http:\/\/www.arche-rhoen.de\/index.php\" target=\"_blank\"><strong>www.arche-rh\u00f6n.de<\/strong><\/a><\/p>\n","protected":false},"excerpt":{"rendered":"<p>Hier erleben Sie Natur, Ruhe und einen herrlichen Ausblick vom Weidberg und der Neuen Attraktion &#8220; Arche-Rh\u00f6n &#8222;. Das Gel\u00e4nde wird mit immer neueren Attraktionen bebaut und Vorhandenes erneuert. Schon jetzt gibt es f\u00fcr die ganze Familie Spiel und Mitmachangebote<\/p>\n","protected":false},"author":1,"featured_media":0,"parent":0,"menu_order":0,"comment_status":"closed","ping_status":"closed","template":"","meta":{"ngg_post_thumbnail":0},"_links":{"self":[{"href":"http:\/\/xn--rhner-auszeit-jmb.de\/index.php?rest_route=\/wp\/v2\/pages\/249"}],"collection":[{"href":"http:\/\/xn--rhner-auszeit-jmb.de\/index.php?rest_route=\/wp\/v2\/pages"}],"about":[{"href":"http:\/\/xn--rhner-auszeit-jmb.de\/index.php?rest_route=\/wp\/v2\/types\/page"}],"author":[{"embeddable":true,"href":"http:\/\/xn--rhner-auszeit-jmb.de\/index.php?rest_route=\/wp\/v2\/users\/1"}],"replies":[{"embeddable":true,"href":"http:\/\/xn--rhner-auszeit-jmb.de\/index.php?rest_route=%2Fwp%2Fv2%2Fcomments&post=249"}],"version-history":[{"count":2,"href":"http:\/\/xn--rhner-auszeit-jmb.de\/index.php?rest_route=\/wp\/v2\/pages\/249\/revisions"}],"predecessor-version":[{"id":255,"href":"http:\/\/xn--rhner-auszeit-jmb.de\/index.php?rest_route=\/wp\/v2\/pages\/249\/revisions\/255"}],"wp:attachment":[{"href":"http:\/\/xn--rhner-auszeit-jmb.de\/index.php?rest_route=%2Fwp%2Fv2%2Fmedia&parent=249"}],"curies":[{"name":"wp","href":"https:\/\/api.w.org\/{rel}","templated":true}]}}