{"id":143,"date":"2019-01-02T20:11:50","date_gmt":"2019-01-02T20:11:50","guid":{"rendered":"http:\/\/xn--rhner-auszeit-jmb.de\/?page_id=143"},"modified":"2022-04-14T14:25:10","modified_gmt":"2022-04-14T14:25:10","slug":"wohnung-wildkatze","status":"publish","type":"page","link":"http:\/\/xn--rhner-auszeit-jmb.de\/?page_id=143","title":{"rendered":"Wohnung Wildkatze"},"content":{"rendered":"\n<figure class=\"wp-block-image\"><img decoding=\"async\" loading=\"lazy\" width=\"1024\" height=\"768\" src=\"http:\/\/xn--rhner-auszeit-jmb.de\/wp-content\/uploads\/2019\/01\/SZ_EG_rhoen_auszeit_5-1024x768.jpg\" alt=\"\" class=\"wp-image-346\" srcset=\"http:\/\/xn--rhner-auszeit-jmb.de\/wp-content\/uploads\/2019\/01\/SZ_EG_rhoen_auszeit_5-1024x768.jpg 1024w, http:\/\/xn--rhner-auszeit-jmb.de\/wp-content\/uploads\/2019\/01\/SZ_EG_rhoen_auszeit_5-300x225.jpg 300w, http:\/\/xn--rhner-auszeit-jmb.de\/wp-content\/uploads\/2019\/01\/SZ_EG_rhoen_auszeit_5-768x576.jpg 768w\" sizes=\"(max-width: 1024px) 100vw, 1024px\" \/><figcaption>Schlafzimmer 1 mit Doppelbett und Kinderbett. Im Hintergrund Schlafzimmer 2 mit 2 Einzelbetten.<\/figcaption><\/figure>\n\n\n\n<p>Die Wohnung &#8222;Wildkatze&#8220; im Erdgeschoss bietet Platz f\u00fcr 4 Personen <br>( bis 6 Personen auf Anfrage m\u00f6glich). Ein Kinderbett ist vorhanden und kann von Familien mit Kleinkindern genutzt werden.<\/p>\n\n\n\n<p><strong>Ausstattung Wohnung Wildkatze<\/strong><\/p>\n\n\n\n<p>Wohnzimmer mit Polsterm\u00f6bel und LCD HD TV.<\/p>\n\n\n\n<p>K\u00fcche mit moderner K\u00fcchenzeile ( Ceran-Kochfeld, Backofen, Geschirrsp\u00fcler, K\u00fchlschrank, Radio, Mikrowelle, Wasserkocher, Kaffeemaschine ).<\/p>\n\n\n\n<p>Schlafraum 1 mit Doppelbett, Kleiderschrank und Kinderbett. Zugang zu Schlafzimmer 2.<\/p>\n\n\n\n<p>Schlafraum 2 mit 2 Einzelbetten und Kommode.<\/p>\n\n\n\n<p>Bad mit Dusche, WC und modernem Waschtisch.<\/p>\n\n\n\n<p>In der Wohnung kann kostenfreies WLAN genutzt werden. <\/p>\n\n\n\n<figure class=\"wp-block-image\"><img decoding=\"async\" loading=\"lazy\" width=\"1024\" height=\"768\" src=\"http:\/\/xn--rhner-auszeit-jmb.de\/wp-content\/uploads\/2019\/01\/SZ_EG_rhoen_auszeit_1-1024x768.jpg\" alt=\"\" class=\"wp-image-342\" srcset=\"http:\/\/xn--rhner-auszeit-jmb.de\/wp-content\/uploads\/2019\/01\/SZ_EG_rhoen_auszeit_1-1024x768.jpg 1024w, http:\/\/xn--rhner-auszeit-jmb.de\/wp-content\/uploads\/2019\/01\/SZ_EG_rhoen_auszeit_1-300x225.jpg 300w, http:\/\/xn--rhner-auszeit-jmb.de\/wp-content\/uploads\/2019\/01\/SZ_EG_rhoen_auszeit_1-768x576.jpg 768w\" sizes=\"(max-width: 1024px) 100vw, 1024px\" \/><figcaption> Schlafzimmer 1 mit Doppelbett, Kinderbett und Kleiderschrank. <\/figcaption><\/figure>\n\n\n\n<figure class=\"wp-block-image\"><img decoding=\"async\" loading=\"lazy\" width=\"1024\" height=\"258\" src=\"http:\/\/xn--rhner-auszeit-jmb.de\/wp-content\/uploads\/2019\/01\/SZ_EG_rhoen_auszeit_2-1024x258.jpg\" alt=\"\" class=\"wp-image-343\" srcset=\"http:\/\/xn--rhner-auszeit-jmb.de\/wp-content\/uploads\/2019\/01\/SZ_EG_rhoen_auszeit_2-1024x258.jpg 1024w, http:\/\/xn--rhner-auszeit-jmb.de\/wp-content\/uploads\/2019\/01\/SZ_EG_rhoen_auszeit_2-300x75.jpg 300w, http:\/\/xn--rhner-auszeit-jmb.de\/wp-content\/uploads\/2019\/01\/SZ_EG_rhoen_auszeit_2-768x193.jpg 768w\" sizes=\"(max-width: 1024px) 100vw, 1024px\" \/><figcaption>Panoramaaufnahme Schlafzimmer 1 Wohnung Wildkatze.<\/figcaption><\/figure>\n\n\n\n<figure class=\"wp-block-image\"><img decoding=\"async\" loading=\"lazy\" width=\"1024\" height=\"768\" src=\"http:\/\/xn--rhner-auszeit-jmb.de\/wp-content\/uploads\/2019\/01\/SZ_klein_rhoen_auszeit_1-1024x768.jpg\" alt=\"\" class=\"wp-image-347\" srcset=\"http:\/\/xn--rhner-auszeit-jmb.de\/wp-content\/uploads\/2019\/01\/SZ_klein_rhoen_auszeit_1-1024x768.jpg 1024w, http:\/\/xn--rhner-auszeit-jmb.de\/wp-content\/uploads\/2019\/01\/SZ_klein_rhoen_auszeit_1-300x225.jpg 300w, http:\/\/xn--rhner-auszeit-jmb.de\/wp-content\/uploads\/2019\/01\/SZ_klein_rhoen_auszeit_1-768x576.jpg 768w\" sizes=\"(max-width: 1024px) 100vw, 1024px\" \/><figcaption>Schlafzimmer 2 mit 2 Einzelbetten, Kommode und Tageslichtfenster.<\/figcaption><\/figure>\n\n\n\n<figure class=\"wp-block-image\"><img decoding=\"async\" loading=\"lazy\" width=\"1024\" height=\"768\" src=\"http:\/\/xn--rhner-auszeit-jmb.de\/wp-content\/uploads\/2019\/01\/SZ_klein_rhoen_auszeit_3-1024x768.jpg\" alt=\"\" class=\"wp-image-349\" srcset=\"http:\/\/xn--rhner-auszeit-jmb.de\/wp-content\/uploads\/2019\/01\/SZ_klein_rhoen_auszeit_3-1024x768.jpg 1024w, http:\/\/xn--rhner-auszeit-jmb.de\/wp-content\/uploads\/2019\/01\/SZ_klein_rhoen_auszeit_3-300x225.jpg 300w, http:\/\/xn--rhner-auszeit-jmb.de\/wp-content\/uploads\/2019\/01\/SZ_klein_rhoen_auszeit_3-768x576.jpg 768w\" sizes=\"(max-width: 1024px) 100vw, 1024px\" \/><\/figure>\n\n\n\n<figure class=\"wp-block-image\"><img decoding=\"async\" loading=\"lazy\" width=\"1024\" height=\"768\" src=\"http:\/\/xn--rhner-auszeit-jmb.de\/wp-content\/uploads\/2019\/01\/WZ_EG_rhoen_auszeit_1-1024x768.jpg\" alt=\"\" class=\"wp-image-354\" srcset=\"http:\/\/xn--rhner-auszeit-jmb.de\/wp-content\/uploads\/2019\/01\/WZ_EG_rhoen_auszeit_1-1024x768.jpg 1024w, http:\/\/xn--rhner-auszeit-jmb.de\/wp-content\/uploads\/2019\/01\/WZ_EG_rhoen_auszeit_1-300x225.jpg 300w, http:\/\/xn--rhner-auszeit-jmb.de\/wp-content\/uploads\/2019\/01\/WZ_EG_rhoen_auszeit_1-768x576.jpg 768w\" sizes=\"(max-width: 1024px) 100vw, 1024px\" \/><figcaption>Wohnzimmer mit Ecksofa, LCD TV und Sitzsack. Zugang zum Bad.<\/figcaption><\/figure>\n\n\n\n<figure class=\"wp-block-image\"><img decoding=\"async\" loading=\"lazy\" width=\"1024\" height=\"768\" src=\"http:\/\/xn--rhner-auszeit-jmb.de\/wp-content\/uploads\/2019\/01\/WZ_EG_rhoen_auszeit_2-1024x768.jpg\" alt=\"\" class=\"wp-image-355\" srcset=\"http:\/\/xn--rhner-auszeit-jmb.de\/wp-content\/uploads\/2019\/01\/WZ_EG_rhoen_auszeit_2-1024x768.jpg 1024w, http:\/\/xn--rhner-auszeit-jmb.de\/wp-content\/uploads\/2019\/01\/WZ_EG_rhoen_auszeit_2-300x225.jpg 300w, http:\/\/xn--rhner-auszeit-jmb.de\/wp-content\/uploads\/2019\/01\/WZ_EG_rhoen_auszeit_2-768x576.jpg 768w\" sizes=\"(max-width: 1024px) 100vw, 1024px\" \/><\/figure>\n\n\n\n<figure class=\"wp-block-image\"><img decoding=\"async\" loading=\"lazy\" width=\"1024\" height=\"768\" src=\"http:\/\/xn--rhner-auszeit-jmb.de\/wp-content\/uploads\/2019\/01\/Bad_EG_rhoen_auszeit_1-1024x768.jpg\" alt=\"\" class=\"wp-image-332\" srcset=\"http:\/\/xn--rhner-auszeit-jmb.de\/wp-content\/uploads\/2019\/01\/Bad_EG_rhoen_auszeit_1-1024x768.jpg 1024w, http:\/\/xn--rhner-auszeit-jmb.de\/wp-content\/uploads\/2019\/01\/Bad_EG_rhoen_auszeit_1-300x225.jpg 300w, http:\/\/xn--rhner-auszeit-jmb.de\/wp-content\/uploads\/2019\/01\/Bad_EG_rhoen_auszeit_1-768x576.jpg 768w\" sizes=\"(max-width: 1024px) 100vw, 1024px\" \/><figcaption>Bad mit modernem Waschtisch und LED Beleuchtung.<\/figcaption><\/figure>\n\n\n\n<figure class=\"wp-block-image\"><img decoding=\"async\" loading=\"lazy\" width=\"768\" height=\"1024\" src=\"http:\/\/xn--rhner-auszeit-jmb.de\/wp-content\/uploads\/2019\/01\/Bad_EG_rhoen_auszeit_4-768x1024.jpg\" alt=\"\" class=\"wp-image-335\" srcset=\"http:\/\/xn--rhner-auszeit-jmb.de\/wp-content\/uploads\/2019\/01\/Bad_EG_rhoen_auszeit_4-768x1024.jpg 768w, http:\/\/xn--rhner-auszeit-jmb.de\/wp-content\/uploads\/2019\/01\/Bad_EG_rhoen_auszeit_4-225x300.jpg 225w\" sizes=\"(max-width: 768px) 100vw, 768px\" \/><\/figure>\n\n\n\n<figure class=\"wp-block-image\"><img decoding=\"async\" loading=\"lazy\" width=\"1024\" height=\"768\" src=\"http:\/\/xn--rhner-auszeit-jmb.de\/wp-content\/uploads\/2019\/01\/Bad_EG_rhoen_auszeit_3-1024x768.jpg\" alt=\"\" class=\"wp-image-334\" srcset=\"http:\/\/xn--rhner-auszeit-jmb.de\/wp-content\/uploads\/2019\/01\/Bad_EG_rhoen_auszeit_3-1024x768.jpg 1024w, http:\/\/xn--rhner-auszeit-jmb.de\/wp-content\/uploads\/2019\/01\/Bad_EG_rhoen_auszeit_3-300x225.jpg 300w, http:\/\/xn--rhner-auszeit-jmb.de\/wp-content\/uploads\/2019\/01\/Bad_EG_rhoen_auszeit_3-768x576.jpg 768w\" sizes=\"(max-width: 1024px) 100vw, 1024px\" \/><figcaption>Bad Wohnung Wildkatze mit Dusche, WC, Waschtisch und Tageslichtfenster.<\/figcaption><\/figure>\n\n\n\n<figure class=\"wp-block-image\"><img decoding=\"async\" loading=\"lazy\" width=\"1024\" height=\"768\" src=\"http:\/\/xn--rhner-auszeit-jmb.de\/wp-content\/uploads\/2019\/02\/K\u00fcche_EG_rhoen_auszeit_2-1-1024x768.jpg\" alt=\"\" class=\"wp-image-502\" srcset=\"http:\/\/xn--rhner-auszeit-jmb.de\/wp-content\/uploads\/2019\/02\/K\u00fcche_EG_rhoen_auszeit_2-1-1024x768.jpg 1024w, http:\/\/xn--rhner-auszeit-jmb.de\/wp-content\/uploads\/2019\/02\/K\u00fcche_EG_rhoen_auszeit_2-1-300x225.jpg 300w, http:\/\/xn--rhner-auszeit-jmb.de\/wp-content\/uploads\/2019\/02\/K\u00fcche_EG_rhoen_auszeit_2-1-768x576.jpg 768w\" sizes=\"(max-width: 1024px) 100vw, 1024px\" \/><figcaption> Moderne K\u00fcche mit Geschirrsp\u00fcler, E-Herd, Ceranfeld, Mikrowelle, Wasserkocher, Kaffeemaschine\u2026 <\/figcaption><\/figure>\n\n\n\n<figure class=\"wp-block-image\"><img decoding=\"async\" loading=\"lazy\" width=\"1024\" height=\"768\" src=\"http:\/\/xn--rhner-auszeit-jmb.de\/wp-content\/uploads\/2019\/02\/K\u00fcche_EG_rhoen_auszeit_1-1-1024x768.jpg\" alt=\"\" class=\"wp-image-501\" srcset=\"http:\/\/xn--rhner-auszeit-jmb.de\/wp-content\/uploads\/2019\/02\/K\u00fcche_EG_rhoen_auszeit_1-1-1024x768.jpg 1024w, http:\/\/xn--rhner-auszeit-jmb.de\/wp-content\/uploads\/2019\/02\/K\u00fcche_EG_rhoen_auszeit_1-1-300x225.jpg 300w, http:\/\/xn--rhner-auszeit-jmb.de\/wp-content\/uploads\/2019\/02\/K\u00fcche_EG_rhoen_auszeit_1-1-768x576.jpg 768w\" sizes=\"(max-width: 1024px) 100vw, 1024px\" \/><\/figure>\n\n\n\n<figure class=\"wp-block-image\"><img decoding=\"async\" loading=\"lazy\" width=\"1024\" height=\"768\" src=\"http:\/\/xn--rhner-auszeit-jmb.de\/wp-content\/uploads\/2019\/02\/K\u00fcche_EG_rhoen_auszeit_3-1-1024x768.jpg\" alt=\"\" class=\"wp-image-503\" srcset=\"http:\/\/xn--rhner-auszeit-jmb.de\/wp-content\/uploads\/2019\/02\/K\u00fcche_EG_rhoen_auszeit_3-1-1024x768.jpg 1024w, http:\/\/xn--rhner-auszeit-jmb.de\/wp-content\/uploads\/2019\/02\/K\u00fcche_EG_rhoen_auszeit_3-1-300x225.jpg 300w, http:\/\/xn--rhner-auszeit-jmb.de\/wp-content\/uploads\/2019\/02\/K\u00fcche_EG_rhoen_auszeit_3-1-768x576.jpg 768w\" sizes=\"(max-width: 1024px) 100vw, 1024px\" \/><\/figure>\n\n\n\n<figure class=\"wp-block-image\"><img decoding=\"async\" loading=\"lazy\" width=\"1024\" height=\"768\" src=\"http:\/\/xn--rhner-auszeit-jmb.de\/wp-content\/uploads\/2019\/02\/Fahrrad_Garage-2-1024x768.jpg\" alt=\"\" class=\"wp-image-404\" srcset=\"http:\/\/xn--rhner-auszeit-jmb.de\/wp-content\/uploads\/2019\/02\/Fahrrad_Garage-2-1024x768.jpg 1024w, http:\/\/xn--rhner-auszeit-jmb.de\/wp-content\/uploads\/2019\/02\/Fahrrad_Garage-2-300x225.jpg 300w, http:\/\/xn--rhner-auszeit-jmb.de\/wp-content\/uploads\/2019\/02\/Fahrrad_Garage-2-768x576.jpg 768w\" sizes=\"(max-width: 1024px) 100vw, 1024px\" \/><figcaption> Fahrrad und Motorrad Garage und Werkstatt. <\/figcaption><\/figure>\n\n\n\n<figure class=\"wp-block-image\"><img decoding=\"async\" loading=\"lazy\" width=\"1024\" height=\"768\" src=\"http:\/\/xn--rhner-auszeit-jmb.de\/wp-content\/uploads\/2019\/02\/Fahrrad_Garage2-2-1024x768.jpg\" alt=\"\" class=\"wp-image-506\" srcset=\"http:\/\/xn--rhner-auszeit-jmb.de\/wp-content\/uploads\/2019\/02\/Fahrrad_Garage2-2-1024x768.jpg 1024w, http:\/\/xn--rhner-auszeit-jmb.de\/wp-content\/uploads\/2019\/02\/Fahrrad_Garage2-2-300x225.jpg 300w, http:\/\/xn--rhner-auszeit-jmb.de\/wp-content\/uploads\/2019\/02\/Fahrrad_Garage2-2-768x576.jpg 768w\" sizes=\"(max-width: 1024px) 100vw, 1024px\" \/><\/figure>\n\n\n\n<table class=\"wp-block-table alignwide is-style-regular\"><tbody><tr><td><strong>Nebensaison<\/strong><br>(01.10.-31.03.)<br>ab 2 \u00dcbernachtungen, <br>Preis Wohnung Wildkatze<br>2 Personen ( max. 6 Personen ) <\/td><td><strong>Nebensaison<\/strong><br>(01.10.-31.03.)<br>ab 5 \u00dcbernachtungen, <br>Preis Wohnung Wildkatze <br>2 Personen ( max. 6 Personen ) <\/td><td><strong>Nebensaison<\/strong><br>(01.10.-31.03.)<br>ab 7 \u00dcbernachtungen,<br>Preis Wohnung Wildkatze   <br>2 Personen ( max. 6 Personen )  <\/td><\/tr><tr><td> <strong>62\u20ac pro Nacht<\/strong> <strong>( 2 Pers.)<\/strong>  <\/td><td><strong>57\u20ac pro Nacht<\/strong> <strong>( 2 Pers.)<\/strong> <\/td><td><strong>52\u20ac pro Nacht<\/strong> <strong>( 2 Pers.)<\/strong>  <\/td><\/tr><tr><td>jede weitere Person 8\u20ac pro Tag<br><br>Kinder bis 2 Jahre kostenlos  <\/td><td>jede weitere Person 8\u20ac pro Tag<br><br>Kinder bis 2 Jahre kostenlos  <\/td><td>jede weitere Person 8\u20ac pro Tag<br><br>Kinder bis 2 Jahre kostenlos  <\/td><\/tr><\/tbody><\/table>\n\n\n\n<table class=\"wp-block-table alignwide is-style-regular\"><tbody><tr><td><strong>Hauptsaison<\/strong><br>(01.04.-30.09.)<br>ab 2 \u00dcbernachtungen,<br>Preis Wohnung Wildkatze  <br>2 Personen ( max. 6 Personen )<\/td><td><strong>Hauptsaison<\/strong><br>(01.04.-30.09.)<br>ab 5 \u00dcbernachtungen,<br>Preis Wohnung Wildkatze <br>2 Personen ( max. 6 Personen ) <\/td><td><strong>Hauptsaison<\/strong><br>(01.04.-30.09.)<br>ab 7 \u00dcbernachtungen,<br>Preis Wohnung Wildkatze <br>2 Personen ( max. 6 Personen ) <\/td><\/tr><tr><td><strong>68\u20ac pro Nacht ( 2 Pers.)<\/strong> <\/td><td><strong>63\u20ac pro Nacht<\/strong> <strong>( 2 Pers.)<\/strong> <\/td><td><strong>58\u20ac pro Nacht<\/strong> <strong>( 2 Pers.)<\/strong>  <\/td><\/tr><tr><td>jede weitere Person 8\u20ac pro Tag<br><br>Kinder bis 2 Jahre kostenlos  <\/td><td>jede weitere Person 8\u20ac pro Tag<br><br>Kinder bis 2 Jahre kostenlos  <\/td><td>jede weitere Person 8\u20ac pro Tag<br><br>Kinder bis 2 Jahre kostenlos  <\/td><\/tr><\/tbody><\/table>\n\n\n\n<p><strong>Buchung \/ Anfragen: info@rhoener-auszeit.de<\/strong><br><br><strong>Telefon \/ WhatsApp:  0151 \/ 12316651<\/strong><\/p>\n\n\n\n<p>\nEin-Tages\u00fcbernachtungen auf Anfrage m\u00f6glich.\n\n<\/p>\n\n\n\n<p class=\"has-medium-font-size has-text-color has-vivid-cyan-blue-color\"><a rel=\"noreferrer noopener\" aria-label=\"Hier gehts zum Buchungskalender und zur Onlinebuchung (\u00f6ffnet in neuem Tab)\" href=\"https:\/\/buchen.rhoen.de\/de\/ferienhaus-rhoner-auszeit?id=98839&amp;rate_id=0&amp;rate_title=\" target=\"_blank\">Link zum Buchungskalender und zur Online-Buchung<\/a><\/p>\n\n\n\n<p>Im Gesamtpreis sind Bettw\u00e4sche, Handt\u00fccher, Wasser, Energie und Endreinigung enthalten.<\/p>\n\n\n\n<p style=\"color:#e08308\" class=\"has-text-color\">F\u00fcr das Kinderbett wird keine Bettdecke, Kopfkissen und Bettw\u00e4sche zur Verf\u00fcgung gestellt. Dies ist von den G\u00e4sten mitzubringen. Eine Matratze ist vorhanden.<\/p>\n\n\n\n<p>Der Mindestaufenthalt betr\u00e4gt 2 N\u00e4chte.<br><strong>Rabatt ab 5 oder 7 \u00dcbernachtungen.<\/strong><br>Anreise ab 14 Uhr am Anreisetag.<br>Abreise bis 10 Uhr am Abreisetag. <\/p>\n\n\n\n<p>Haltung von Haustieren auf Anfrage. <br>Die Haltung von Haustieren in  den Ferienwohnungen ist nicht gestattet. F\u00fcr Hunde ist eine  \u00dcbernachtungsm\u00f6glichkeit ( Zwinger mit Auslauf ) im Nebengeb\u00e4ude  vorhanden. Pro Nacht werden 8\u20ac f\u00fcr die Unterbringung im Zwinger  berechnet. <\/p>\n\n\n\n<ul class=\"is-layout-flex wp-block-gallery-1 wp-block-gallery columns-3 is-cropped\"><li class=\"blocks-gallery-item\"><figure><img decoding=\"async\" loading=\"lazy\" width=\"768\" height=\"1024\" src=\"http:\/\/xn--rhner-auszeit-jmb.de\/wp-content\/uploads\/2019\/04\/Zwinger_Rh\u00f6ner_Auszeit_1-1-768x1024.jpg\" alt=\"\" data-id=\"545\" data-link=\"http:\/\/xn--rhner-auszeit-jmb.de\/?attachment_id=545\" class=\"wp-image-545\" srcset=\"http:\/\/xn--rhner-auszeit-jmb.de\/wp-content\/uploads\/2019\/04\/Zwinger_Rh\u00f6ner_Auszeit_1-1-768x1024.jpg 768w, http:\/\/xn--rhner-auszeit-jmb.de\/wp-content\/uploads\/2019\/04\/Zwinger_Rh\u00f6ner_Auszeit_1-1-225x300.jpg 225w, http:\/\/xn--rhner-auszeit-jmb.de\/wp-content\/uploads\/2019\/04\/Zwinger_Rh\u00f6ner_Auszeit_1-1.jpg 1200w\" sizes=\"(max-width: 768px) 100vw, 768px\" \/><\/figure><\/li><li class=\"blocks-gallery-item\"><figure><img decoding=\"async\" loading=\"lazy\" width=\"768\" height=\"1024\" src=\"http:\/\/xn--rhner-auszeit-jmb.de\/wp-content\/uploads\/2019\/04\/Zwinger_Rh\u00f6ner_Auszeit_2-1-768x1024.jpg\" alt=\"\" data-id=\"546\" data-link=\"http:\/\/xn--rhner-auszeit-jmb.de\/?attachment_id=546\" class=\"wp-image-546\" srcset=\"http:\/\/xn--rhner-auszeit-jmb.de\/wp-content\/uploads\/2019\/04\/Zwinger_Rh\u00f6ner_Auszeit_2-1-768x1024.jpg 768w, http:\/\/xn--rhner-auszeit-jmb.de\/wp-content\/uploads\/2019\/04\/Zwinger_Rh\u00f6ner_Auszeit_2-1-225x300.jpg 225w, http:\/\/xn--rhner-auszeit-jmb.de\/wp-content\/uploads\/2019\/04\/Zwinger_Rh\u00f6ner_Auszeit_2-1.jpg 1200w\" sizes=\"(max-width: 768px) 100vw, 768px\" \/><\/figure><\/li><li class=\"blocks-gallery-item\"><figure><img decoding=\"async\" loading=\"lazy\" width=\"768\" height=\"1024\" src=\"http:\/\/xn--rhner-auszeit-jmb.de\/wp-content\/uploads\/2019\/04\/Zwinger_Rh\u00f6ner_Auszeit_3-1-768x1024.jpg\" alt=\"\" data-id=\"547\" data-link=\"http:\/\/xn--rhner-auszeit-jmb.de\/?attachment_id=547\" class=\"wp-image-547\" srcset=\"http:\/\/xn--rhner-auszeit-jmb.de\/wp-content\/uploads\/2019\/04\/Zwinger_Rh\u00f6ner_Auszeit_3-1-768x1024.jpg 768w, http:\/\/xn--rhner-auszeit-jmb.de\/wp-content\/uploads\/2019\/04\/Zwinger_Rh\u00f6ner_Auszeit_3-1-225x300.jpg 225w, http:\/\/xn--rhner-auszeit-jmb.de\/wp-content\/uploads\/2019\/04\/Zwinger_Rh\u00f6ner_Auszeit_3-1.jpg 1200w\" sizes=\"(max-width: 768px) 100vw, 768px\" \/><\/figure><\/li><\/ul>\n","protected":false},"excerpt":{"rendered":"<p>Die Wohnung &#8222;Wildkatze&#8220; im Erdgeschoss bietet Platz f\u00fcr 4 Personen ( bis 6 Personen auf Anfrage m\u00f6glich). Ein Kinderbett ist vorhanden und kann von Familien mit Kleinkindern genutzt werden. Ausstattung Wohnung Wildkatze Wohnzimmer mit Polsterm\u00f6bel und LCD HD TV. K\u00fcche<\/p>\n","protected":false},"author":1,"featured_media":0,"parent":0,"menu_order":0,"comment_status":"closed","ping_status":"closed","template":"","meta":{"ngg_post_thumbnail":0},"_links":{"self":[{"href":"http:\/\/xn--rhner-auszeit-jmb.de\/index.php?rest_route=\/wp\/v2\/pages\/143"}],"collection":[{"href":"http:\/\/xn--rhner-auszeit-jmb.de\/index.php?rest_route=\/wp\/v2\/pages"}],"about":[{"href":"http:\/\/xn--rhner-auszeit-jmb.de\/index.php?rest_route=\/wp\/v2\/types\/page"}],"author":[{"embeddable":true,"href":"http:\/\/xn--rhner-auszeit-jmb.de\/index.php?rest_route=\/wp\/v2\/users\/1"}],"replies":[{"embeddable":true,"href":"http:\/\/xn--rhner-auszeit-jmb.de\/index.php?rest_route=%2Fwp%2Fv2%2Fcomments&post=143"}],"version-history":[{"count":39,"href":"http:\/\/xn--rhner-auszeit-jmb.de\/index.php?rest_route=\/wp\/v2\/pages\/143\/revisions"}],"predecessor-version":[{"id":651,"href":"http:\/\/xn--rhner-auszeit-jmb.de\/index.php?rest_route=\/wp\/v2\/pages\/143\/revisions\/651"}],"wp:attachment":[{"href":"http:\/\/xn--rhner-auszeit-jmb.de\/index.php?rest_route=%2Fwp%2Fv2%2Fmedia&parent=143"}],"curies":[{"name":"wp","href":"https:\/\/api.w.org\/{rel}","templated":true}]}}